{"id":1675,"date":"2024-09-23T10:27:06","date_gmt":"2024-09-23T10:27:06","guid":{"rendered":"https:\/\/mazarom.ro\/?page_id=1675"},"modified":"2025-05-09T12:52:54","modified_gmt":"2025-05-09T10:52:54","slug":"lagun-boxed-technology","status":"publish","type":"page","link":"https:\/\/mazarom.ro\/en\/parteneri-2\/lagun-prezentare\/lagun-boxed-technology\/","title":{"rendered":"Boxed Technology"},"content":{"rendered":"\t\t<div data-elementor-type=\"wp-page\" data-elementor-id=\"1675\" class=\"elementor elementor-1675\" data-elementor-post-type=\"page\">\n\t\t\t\t<div data-particle_enable=\"false\" data-particle-mobile-disabled=\"false\" class=\"elementor-element elementor-element-898216c e-flex e-con-boxed e-con e-parent\" data-id=\"898216c\" data-element_type=\"container\">\n\t\t\t\t\t<div class=\"e-con-inner\">\n\t\t<div data-particle_enable=\"false\" data-particle-mobile-disabled=\"false\" class=\"elementor-element elementor-element-53982e1 e-con-full e-flex e-con e-child\" data-id=\"53982e1\" data-element_type=\"container\">\n\t\t\t\t<div class=\"elementor-element elementor-element-4f214f2 elementor-view-default elementor-widget elementor-widget-icon\" data-id=\"4f214f2\" data-element_type=\"widget\" data-widget_type=\"icon.default\">\n\t\t\t\t<div class=\"elementor-widget-container\">\n\t\t\t\t\t<div class=\"elementor-icon-wrapper\">\n\t\t\t<a class=\"elementor-icon\" href=\"https:\/\/mazarom.ro\/parteneri\/lagun-milling-heads\/\">\n\t\t\t<svg aria-hidden=\"true\" class=\"e-font-icon-svg e-fas-long-arrow-alt-left\" viewBox=\"0 0 448 512\" xmlns=\"http:\/\/www.w3.org\/2000\/svg\"><path d=\"M134.059 296H436c6.627 0 12-5.373 12-12v-56c0-6.627-5.373-12-12-12H134.059v-46.059c0-21.382-25.851-32.09-40.971-16.971L7.029 239.029c-9.373 9.373-9.373 24.569 0 33.941l86.059 86.059c15.119 15.119 40.971 4.411 40.971-16.971V296z\"><\/path><\/svg>\t\t\t<\/a>\n\t\t<\/div>\n\t\t\t\t<\/div>\n\t\t\t\t<\/div>\n\t\t\t\t<\/div>\n\t\t<div data-particle_enable=\"false\" data-particle-mobile-disabled=\"false\" class=\"elementor-element elementor-element-ff7d85c e-con-full e-flex e-con e-child\" data-id=\"ff7d85c\" data-element_type=\"container\">\n\t\t\t\t<div class=\"elementor-element elementor-element-3363ad0 animated-slow elementor-widget elementor-widget-heading\" data-id=\"3363ad0\" data-element_type=\"widget\" data-settings=\"{&quot;_animation&quot;:&quot;none&quot;}\" data-widget_type=\"heading.default\">\n\t\t\t\t<div class=\"elementor-widget-container\">\n\t\t\t<style>\/*! elementor - v3.21.0 - 20-05-2024 *\/\n.elementor-heading-title{padding:0;margin:0;line-height:1}.elementor-widget-heading .elementor-heading-title[class*=elementor-size-]>a{color:inherit;font-size:inherit;line-height:inherit}.elementor-widget-heading .elementor-heading-title.elementor-size-small{font-size:15px}.elementor-widget-heading .elementor-heading-title.elementor-size-medium{font-size:19px}.elementor-widget-heading .elementor-heading-title.elementor-size-large{font-size:29px}.elementor-widget-heading .elementor-heading-title.elementor-size-xl{font-size:39px}.elementor-widget-heading .elementor-heading-title.elementor-size-xxl{font-size:59px}<\/style><h1 class=\"elementor-heading-title elementor-size-default\">TEHNOLOGIA MODULAR\u0102<\/h1>\t\t<\/div>\n\t\t\t\t<\/div>\n\t\t\t\t<\/div>\n\t\t<div data-particle_enable=\"false\" data-particle-mobile-disabled=\"false\" class=\"elementor-element elementor-element-998e5ea e-con-full e-flex e-con e-child\" data-id=\"998e5ea\" data-element_type=\"container\">\n\t\t\t\t<\/div>\n\t\t\t\t\t<\/div>\n\t\t\t\t<\/div>\n\t\t<div data-particle_enable=\"false\" data-particle-mobile-disabled=\"false\" class=\"elementor-element elementor-element-6d18937 e-flex e-con-boxed e-con e-parent\" data-id=\"6d18937\" data-element_type=\"container\" data-settings=\"{&quot;background_background&quot;:&quot;classic&quot;}\">\n\t\t\t\t\t<div class=\"e-con-inner\">\n\t\t\t\t<div class=\"elementor-element elementor-element-218e46a elementor-widget elementor-widget-image\" data-id=\"218e46a\" data-element_type=\"widget\" data-widget_type=\"image.default\">\n\t\t\t\t<div class=\"elementor-widget-container\">\n\t\t\t<style>\/*! elementor - v3.21.0 - 20-05-2024 *\/\n.elementor-widget-image{text-align:center}.elementor-widget-image a{display:inline-block}.elementor-widget-image a img[src$=\".svg\"]{width:48px}.elementor-widget-image img{vertical-align:middle;display:inline-block}<\/style>\t\t\t\t\t\t\t\t\t\t<img decoding=\"async\" width=\"2048\" height=\"15\" src=\"https:\/\/mazarom.ro\/wp-content\/uploads\/2024\/10\/separator1.webp\" class=\"attachment-full size-full wp-image-4638\" alt=\"\" srcset=\"https:\/\/mazarom.ro\/wp-content\/uploads\/2024\/10\/separator1.webp 2048w, https:\/\/mazarom.ro\/wp-content\/uploads\/2024\/10\/separator1-300x2.webp 300w, https:\/\/mazarom.ro\/wp-content\/uploads\/2024\/10\/separator1-1024x8.webp 1024w, https:\/\/mazarom.ro\/wp-content\/uploads\/2024\/10\/separator1-768x6.webp 768w, https:\/\/mazarom.ro\/wp-content\/uploads\/2024\/10\/separator1-1536x11.webp 1536w, https:\/\/mazarom.ro\/wp-content\/uploads\/2024\/10\/separator1-18x1.webp 18w\" sizes=\"(max-width: 2048px) 100vw, 2048px\" \/>\t\t\t\t\t\t\t\t\t\t\t\t\t<\/div>\n\t\t\t\t<\/div>\n\t\t\t\t\t<\/div>\n\t\t\t\t<\/div>\n\t\t<div data-particle_enable=\"false\" data-particle-mobile-disabled=\"false\" class=\"elementor-element elementor-element-1ba54df e-flex e-con-boxed e-con e-parent\" data-id=\"1ba54df\" data-element_type=\"container\" data-settings=\"{&quot;background_background&quot;:&quot;classic&quot;}\">\n\t\t\t\t\t<div class=\"e-con-inner\">\n\t\t\t\t<div class=\"elementor-element elementor-element-c654659 elementor-widget__width-initial elementor-widget elementor-widget-video\" data-id=\"c654659\" data-element_type=\"widget\" data-settings=\"{&quot;youtube_url&quot;:&quot;https:\\\/\\\/youtu.be\\\/ZpQTJZ6W56Q&quot;,&quot;video_type&quot;:&quot;youtube&quot;,&quot;controls&quot;:&quot;yes&quot;}\" data-widget_type=\"video.default\">\n\t\t\t\t<div class=\"elementor-widget-container\">\n\t\t\t<style>\/*! elementor - v3.21.0 - 20-05-2024 *\/\n.elementor-widget-video .elementor-widget-container{overflow:hidden;transform:translateZ(0)}.elementor-widget-video .elementor-wrapper{aspect-ratio:var(--video-aspect-ratio)}.elementor-widget-video .elementor-wrapper iframe,.elementor-widget-video .elementor-wrapper video{height:100%;width:100%;display:flex;border:none;background-color:#000}@supports not (aspect-ratio:1\/1){.elementor-widget-video .elementor-wrapper{position:relative;overflow:hidden;height:0;padding-bottom:calc(100% \/ var(--video-aspect-ratio))}.elementor-widget-video .elementor-wrapper iframe,.elementor-widget-video .elementor-wrapper video{position:absolute;top:0;right:0;bottom:0;left:0}}.elementor-widget-video .elementor-open-inline .elementor-custom-embed-image-overlay{position:absolute;top:0;right:0;bottom:0;left:0;background-size:cover;background-position:50%}.elementor-widget-video .elementor-custom-embed-image-overlay{cursor:pointer;text-align:center}.elementor-widget-video .elementor-custom-embed-image-overlay:hover .elementor-custom-embed-play i{opacity:1}.elementor-widget-video .elementor-custom-embed-image-overlay img{display:block;width:100%;aspect-ratio:var(--video-aspect-ratio);-o-object-fit:cover;object-fit:cover;-o-object-position:center center;object-position:center center}@supports not (aspect-ratio:1\/1){.elementor-widget-video .elementor-custom-embed-image-overlay{position:relative;overflow:hidden;height:0;padding-bottom:calc(100% \/ var(--video-aspect-ratio))}.elementor-widget-video .elementor-custom-embed-image-overlay img{position:absolute;top:0;right:0;bottom:0;left:0}}.elementor-widget-video .e-hosted-video .elementor-video{-o-object-fit:cover;object-fit:cover}.e-con-inner>.elementor-widget-video,.e-con>.elementor-widget-video{width:var(--container-widget-width);--flex-grow:var(--container-widget-flex-grow)}<\/style>\t\t<div class=\"elementor-wrapper elementor-open-inline\">\n\t\t\t<div class=\"elementor-video\"><\/div>\t\t<\/div>\n\t\t\t\t<\/div>\n\t\t\t\t<\/div>\n\t\t\t\t\t<\/div>\n\t\t\t\t<\/div>\n\t\t<div data-particle_enable=\"false\" data-particle-mobile-disabled=\"false\" class=\"elementor-element elementor-element-6825b0c e-flex e-con-boxed e-con e-parent\" data-id=\"6825b0c\" data-element_type=\"container\" data-settings=\"{&quot;background_background&quot;:&quot;classic&quot;}\">\n\t\t\t\t\t<div class=\"e-con-inner\">\n\t\t\t\t<div class=\"elementor-element elementor-element-531b661 elementor-widget__width-initial elementor-widget elementor-widget-image\" data-id=\"531b661\" data-element_type=\"widget\" data-widget_type=\"image.default\">\n\t\t\t\t<div class=\"elementor-widget-container\">\n\t\t\t\t\t\t\t\t\t\t\t\t\t<img fetchpriority=\"high\" decoding=\"async\" width=\"300\" height=\"194\" src=\"https:\/\/mazarom.ro\/wp-content\/uploads\/2024\/09\/Logo-box-300x194.png\" class=\"attachment-medium size-medium wp-image-1698\" alt=\"\" srcset=\"https:\/\/mazarom.ro\/wp-content\/uploads\/2024\/09\/Logo-box-300x194.png 300w, https:\/\/mazarom.ro\/wp-content\/uploads\/2024\/09\/Logo-box.png 400w\" sizes=\"(max-width: 300px) 100vw, 300px\" \/>\t\t\t\t\t\t\t\t\t\t\t\t\t<\/div>\n\t\t\t\t<\/div>\n\t\t\t\t<div class=\"elementor-element elementor-element-633bc30 elementor-widget__width-initial elementor-widget elementor-widget-text-editor\" data-id=\"633bc30\" data-element_type=\"widget\" data-widget_type=\"text-editor.default\">\n\t\t\t\t<div class=\"elementor-widget-container\">\n\t\t\t<style>\/*! elementor - v3.21.0 - 20-05-2024 *\/\n.elementor-widget-text-editor.elementor-drop-cap-view-stacked .elementor-drop-cap{background-color:#69727d;color:#fff}.elementor-widget-text-editor.elementor-drop-cap-view-framed .elementor-drop-cap{color:#69727d;border:3px solid;background-color:transparent}.elementor-widget-text-editor:not(.elementor-drop-cap-view-default) .elementor-drop-cap{margin-top:8px}.elementor-widget-text-editor:not(.elementor-drop-cap-view-default) .elementor-drop-cap-letter{width:1em;height:1em}.elementor-widget-text-editor .elementor-drop-cap{float:left;text-align:center;line-height:1;font-size:50px}.elementor-widget-text-editor .elementor-drop-cap-letter{display:inline-block}<\/style>\t\t\t\t<p><span style=\"color: #ffffff;\">&#8222;BOXED TECHNOLOGY&#8221; este mai mult dec\u00e2t un model de eficien\u021b\u0103 a produc\u021biei, este o filozofie de fabrica\u021bie pe care o extindem la ma\u0219inile noastre, la evolu\u021biile noastre tehnologice \u0219i la oamenii no\u0219tri. Este o filozofie tehnologic\u0103, care include metode de lucru \u0219i procese de g\u00e2ndire despre ma\u0219ini, pe care le aplic\u0103m ma\u0219inilor noastre de frezat de mai bine de 65 de ani.<\/span><\/p>\n<p><span style=\"color: #ffffff;\"><br><\/span><\/p><p><span style=\"color: #ffffff;\">G\u00e2ndirea cu filosofia &#8221;BOXED TECHNOLOGY&#8221; ne-a permis s\u0103 ne diversific\u0103m solu\u021biile, pornind de la cuno\u0219tin\u021bele noastre \u00een domeniul ma\u0219inilor de frezat, s\u0103 dezvolt\u0103m cele mai avansate ma\u0219ini CNC portabile pentru cele mai exigente opera\u021biuni de prelucrare \u00een cele mai complexe spa\u021bii fizice \u0219i solu\u021bii de sudare cu tehnologie FSW, pentru \u00eembin\u0103ri de sudur\u0103 de cea mai \u00eenalt\u0103 calitate.&#8221;<\/span><\/p>\n<p><span style=\"color: #ffffff;\">Aitor Agirre<\/span><br><span style=\"color: #ffffff;\">Director general<\/span><\/p>\n<p><span style=\"color: #ffffff;\">LAGUN MACHINE TOOLS<\/span><\/p>\t\t\t\t\t\t<\/div>\n\t\t\t\t<\/div>\n\t\t\t\t\t<\/div>\n\t\t\t\t<\/div>\n\t\t<div data-particle_enable=\"false\" data-particle-mobile-disabled=\"false\" class=\"elementor-element elementor-element-f7967d7 e-flex e-con-boxed e-con e-parent\" data-id=\"f7967d7\" data-element_type=\"container\" data-settings=\"{&quot;background_background&quot;:&quot;classic&quot;}\">\n\t\t\t\t\t<div class=\"e-con-inner\">\n\t\t<div data-particle_enable=\"false\" data-particle-mobile-disabled=\"false\" class=\"elementor-element elementor-element-0d627cc e-con-full e-flex e-con e-child\" data-id=\"0d627cc\" data-element_type=\"container\">\n\t\t\t\t<div class=\"elementor-element elementor-element-f370b68 blurry elementor-widget elementor-widget-text-editor\" data-id=\"f370b68\" data-element_type=\"widget\" data-widget_type=\"text-editor.default\">\n\t\t\t\t<div class=\"elementor-widget-container\">\n\t\t\t\t\t\t\t<p>Tehnologia modular\u0103 de la LAGUN este compus\u0103 \u0219i organizat\u0103 din module u\u0219or interschimbabile \u0219i reconfigurabile.<\/p><p>Arhitectura modular\u0103 este o abordare de proiectare \u00een care un sistem este compus din componente sau module separate \u0219i interschimbabile.<\/p><p>Avantajele specifice ale acestei tehnologii modulare aduc beneficii productivit\u0103\u021bii clien\u021bilor \u00een urm\u0103toarele aspecte:<\/p><table style=\"width: 100%; border-collapse: collapse; border: #000000;\"><tbody><tr><td style=\"width: 33.3333%; border: #000000;\"><ul><li>Flexibilitate \u0219i scalabilitate.<\/li><li>U\u0219or de \u00eentre\u021binut \u0219i reparat.<\/li><li>Interoperabilitatea \u00eentre diferite module \u0219i componente.<\/li><\/ul><\/td><td style=\"width: 33.3333%; border: #000000;\"><ul><li>Eficien\u021ba costurilor.<\/li><li>Cicluri de dezvoltare mai rapide.<\/li><li>Adaptabilitate la tehnologiile viitorului.<\/li><\/ul><\/td><td style=\"width: 33.3333%; border: #000000;\"><ul><li>Izolarea defec\u021biunilor \u00een cadrul modulelor pentru a minimiza impactul asupra \u00eentregului sistem.<\/li><li>Reutilizare \u0219i sustenabilitate.<\/li><\/ul><\/td><\/tr><\/tbody><\/table><p>Pe scurt, arhitectura modular\u0103 de la LAGUN MACHINE TOOLS este o alegere atractiv\u0103 pentru construirea de sisteme complexe \u0219i \u00een continu\u0103 evolu\u021bie, \u00eentr-o varietate de domenii, inclusiv dezvoltarea de software, proiectarea \u0219i fabricarea hardware-ului.<\/p>\t\t\t\t\t\t<\/div>\n\t\t\t\t<\/div>\n\t\t\t\t<\/div>\n\t\t<div data-particle_enable=\"false\" data-particle-mobile-disabled=\"false\" class=\"elementor-element elementor-element-82a9c5b e-con-full e-flex e-con e-child\" data-id=\"82a9c5b\" data-element_type=\"container\">\n\t\t\t\t<div class=\"elementor-element elementor-element-9a2ffcd elementor-widget elementor-widget-image\" data-id=\"9a2ffcd\" data-element_type=\"widget\" data-widget_type=\"image.default\">\n\t\t\t\t<div class=\"elementor-widget-container\">\n\t\t\t\t\t\t\t\t\t\t\t\t\t<img decoding=\"async\" width=\"800\" height=\"538\" src=\"https:\/\/mazarom.ro\/wp-content\/uploads\/2024\/09\/boxed-presenta-1024x688.jpg\" class=\"attachment-large size-large wp-image-1683\" alt=\"\" srcset=\"https:\/\/mazarom.ro\/wp-content\/uploads\/2024\/09\/boxed-presenta-1024x688.jpg 1024w, https:\/\/mazarom.ro\/wp-content\/uploads\/2024\/09\/boxed-presenta-300x202.jpg 300w, https:\/\/mazarom.ro\/wp-content\/uploads\/2024\/09\/boxed-presenta-768x516.jpg 768w, https:\/\/mazarom.ro\/wp-content\/uploads\/2024\/09\/boxed-presenta-1536x1032.jpg 1536w, https:\/\/mazarom.ro\/wp-content\/uploads\/2024\/09\/boxed-presenta.jpg 1920w\" sizes=\"(max-width: 800px) 100vw, 800px\" \/>\t\t\t\t\t\t\t\t\t\t\t\t\t<\/div>\n\t\t\t\t<\/div>\n\t\t\t\t<\/div>\n\t\t\t\t\t<\/div>\n\t\t\t\t<\/div>\n\t\t<div data-particle_enable=\"false\" data-particle-mobile-disabled=\"false\" class=\"elementor-element elementor-element-d26e603 e-flex e-con-boxed e-con e-parent\" data-id=\"d26e603\" data-element_type=\"container\">\n\t\t\t\t\t<div class=\"e-con-inner\">\n\t\t\t\t<div class=\"elementor-element elementor-element-4540a5d elementor-widget elementor-widget-image\" data-id=\"4540a5d\" data-element_type=\"widget\" data-widget_type=\"image.default\">\n\t\t\t\t<div class=\"elementor-widget-container\">\n\t\t\t\t\t\t\t\t\t\t\t\t\t<img decoding=\"async\" width=\"2048\" height=\"15\" src=\"https:\/\/mazarom.ro\/wp-content\/uploads\/2024\/10\/separator1.webp\" class=\"attachment-full size-full wp-image-4638\" alt=\"\" srcset=\"https:\/\/mazarom.ro\/wp-content\/uploads\/2024\/10\/separator1.webp 2048w, https:\/\/mazarom.ro\/wp-content\/uploads\/2024\/10\/separator1-300x2.webp 300w, https:\/\/mazarom.ro\/wp-content\/uploads\/2024\/10\/separator1-1024x8.webp 1024w, https:\/\/mazarom.ro\/wp-content\/uploads\/2024\/10\/separator1-768x6.webp 768w, https:\/\/mazarom.ro\/wp-content\/uploads\/2024\/10\/separator1-1536x11.webp 1536w, https:\/\/mazarom.ro\/wp-content\/uploads\/2024\/10\/separator1-18x1.webp 18w\" sizes=\"(max-width: 2048px) 100vw, 2048px\" \/>\t\t\t\t\t\t\t\t\t\t\t\t\t<\/div>\n\t\t\t\t<\/div>\n\t\t\t\t\t<\/div>\n\t\t\t\t<\/div>\n\t\t\t\t<\/div>\n\t\t","protected":false},"excerpt":{"rendered":"<p>TEHNOLOGIA MODULAR\u0102 &#8222;BOXED TECHNOLOGY&#8221; este mai mult dec\u00e2t un model de eficien\u021b\u0103 a produc\u021biei, este o filozofie de fabrica\u021bie pe care o extindem la ma\u0219inile noastre, la evolu\u021biile noastre tehnologice \u0219i la oamenii no\u0219tri. Este o filozofie tehnologic\u0103, care include metode de lucru \u0219i procese de g\u00e2ndire despre ma\u0219ini, pe care le aplic\u0103m ma\u0219inilor noastre [&hellip;]<\/p>\n","protected":false},"author":3,"featured_media":0,"parent":1301,"menu_order":0,"comment_status":"closed","ping_status":"closed","template":"","meta":{"iawp_total_views":15,"footnotes":""},"class_list":["post-1675","page","type-page","status-publish","hentry"],"yoast_head":"<!-- This site is optimized with the Yoast SEO plugin v27.0 - https:\/\/yoast.com\/product\/yoast-seo-wordpress\/ -->\n<title>MAZAROM<\/title>\n<meta name=\"description\" content=\"MAZAROM IMPEX SRL - Servicii \u00een domeniul ma\u0219inilor unelte CNC. Reprezentant Yamazaki Mazak. Alegere de ma\u0219ini, studii de timp, instalare,instruire, service.\" \/>\n<meta name=\"robots\" content=\"index, follow, max-snippet:-1, max-image-preview:large, max-video-preview:-1\" \/>\n<link rel=\"canonical\" href=\"https:\/\/mazarom.ro\/en\/parteneri-2\/lagun-prezentare\/lagun-boxed-technology\/\" \/>\n<meta property=\"og:locale\" content=\"en_US\" \/>\n<meta property=\"og:type\" content=\"article\" \/>\n<meta property=\"og:title\" content=\"MAZAROM\" \/>\n<meta property=\"og:description\" content=\"MAZAROM IMPEX SRL - Servicii \u00een domeniul ma\u0219inilor unelte CNC. Reprezentant Yamazaki Mazak. Alegere de ma\u0219ini, studii de timp, instalare,instruire, service.\" \/>\n<meta property=\"og:url\" content=\"https:\/\/mazarom.ro\/en\/parteneri-2\/lagun-prezentare\/lagun-boxed-technology\/\" \/>\n<meta property=\"og:site_name\" content=\"MAZAROM\" \/>\n<meta property=\"article:modified_time\" content=\"2025-05-09T10:52:54+00:00\" \/>\n<meta property=\"og:image\" content=\"https:\/\/mazarom.ro\/wp-content\/uploads\/2024\/10\/separator1.webp?_t=1746437973\" \/>\n<meta name=\"twitter:card\" content=\"summary_large_image\" \/>\n<meta name=\"twitter:label1\" content=\"Est. reading time\" \/>\n\t<meta name=\"twitter:data1\" content=\"2 minutes\" \/>\n<script type=\"application\/ld+json\" class=\"yoast-schema-graph\">{\"@context\":\"https:\/\/schema.org\",\"@graph\":[{\"@type\":\"WebPage\",\"@id\":\"https:\/\/mazarom.ro\/en\/parteneri-2\/lagun-prezentare\/lagun-boxed-technology\/\",\"url\":\"https:\/\/mazarom.ro\/en\/parteneri-2\/lagun-prezentare\/lagun-boxed-technology\/\",\"name\":\"MAZAROM\",\"isPartOf\":{\"@id\":\"https:\/\/mazarom.ro\/ro\/#website\"},\"primaryImageOfPage\":{\"@id\":\"https:\/\/mazarom.ro\/en\/parteneri-2\/lagun-prezentare\/lagun-boxed-technology\/#primaryimage\"},\"image\":{\"@id\":\"https:\/\/mazarom.ro\/en\/parteneri-2\/lagun-prezentare\/lagun-boxed-technology\/#primaryimage\"},\"thumbnailUrl\":\"https:\/\/mazarom.ro\/wp-content\/uploads\/2024\/10\/separator1.webp?_t=1746437973\",\"datePublished\":\"2024-09-23T10:27:06+00:00\",\"dateModified\":\"2025-05-09T10:52:54+00:00\",\"description\":\"MAZAROM IMPEX SRL - Servicii \u00een domeniul ma\u0219inilor unelte CNC. Reprezentant Yamazaki Mazak. Alegere de ma\u0219ini, studii de timp, instalare,instruire, service.\",\"breadcrumb\":{\"@id\":\"https:\/\/mazarom.ro\/en\/parteneri-2\/lagun-prezentare\/lagun-boxed-technology\/#breadcrumb\"},\"inLanguage\":\"en-US\",\"potentialAction\":[{\"@type\":\"ReadAction\",\"target\":[\"https:\/\/mazarom.ro\/en\/parteneri-2\/lagun-prezentare\/lagun-boxed-technology\/\"]}]},{\"@type\":\"ImageObject\",\"inLanguage\":\"en-US\",\"@id\":\"https:\/\/mazarom.ro\/en\/parteneri-2\/lagun-prezentare\/lagun-boxed-technology\/#primaryimage\",\"url\":\"https:\/\/mazarom.ro\/wp-content\/uploads\/2024\/10\/separator1.webp?_t=1746437973\",\"contentUrl\":\"https:\/\/mazarom.ro\/wp-content\/uploads\/2024\/10\/separator1.webp?_t=1746437973\"},{\"@type\":\"BreadcrumbList\",\"@id\":\"https:\/\/mazarom.ro\/en\/parteneri-2\/lagun-prezentare\/lagun-boxed-technology\/#breadcrumb\",\"itemListElement\":[{\"@type\":\"ListItem\",\"position\":1,\"name\":\"ACAS\u0102\",\"item\":\"https:\/\/mazarom.ro\/\"},{\"@type\":\"ListItem\",\"position\":2,\"name\":\"PARTENERI\",\"item\":\"https:\/\/mazarom.ro\/en\/parteneri-2\/\"},{\"@type\":\"ListItem\",\"position\":3,\"name\":\"Prezentare LAGUN\",\"item\":\"https:\/\/mazarom.ro\/en\/parteneri-2\/lagun-prezentare\/\"},{\"@type\":\"ListItem\",\"position\":4,\"name\":\"Tehnologia Modular\u0103\"}]},{\"@type\":\"WebSite\",\"@id\":\"https:\/\/mazarom.ro\/ro\/#website\",\"url\":\"https:\/\/mazarom.ro\/ro\/\",\"name\":\"MAZAROM\",\"description\":\"\",\"publisher\":{\"@id\":\"https:\/\/mazarom.ro\/ro\/#organization\"},\"potentialAction\":[{\"@type\":\"SearchAction\",\"target\":{\"@type\":\"EntryPoint\",\"urlTemplate\":\"https:\/\/mazarom.ro\/ro\/?s={search_term_string}\"},\"query-input\":{\"@type\":\"PropertyValueSpecification\",\"valueRequired\":true,\"valueName\":\"search_term_string\"}}],\"inLanguage\":\"en-US\"},{\"@type\":\"Organization\",\"@id\":\"https:\/\/mazarom.ro\/ro\/#organization\",\"name\":\"MAZAROM\",\"url\":\"https:\/\/mazarom.ro\/ro\/\",\"logo\":{\"@type\":\"ImageObject\",\"inLanguage\":\"en-US\",\"@id\":\"https:\/\/mazarom.ro\/ro\/#\/schema\/logo\/image\/\",\"url\":\"https:\/\/mazarom.ro\/wp-content\/uploads\/2024\/09\/logo.webp\",\"contentUrl\":\"https:\/\/mazarom.ro\/wp-content\/uploads\/2024\/09\/logo.webp\",\"width\":1024,\"height\":137,\"caption\":\"MAZAROM\"},\"image\":{\"@id\":\"https:\/\/mazarom.ro\/ro\/#\/schema\/logo\/image\/\"}}]}<\/script>\n<!-- \/ Yoast SEO plugin. -->","yoast_head_json":{"title":"MAZAROM","description":"MAZAROM IMPEX SRL - Services in the field of CNC machine tools. Yamazaki Mazak representative. Machine selection, time studies, installation,training, service.","robots":{"index":"index","follow":"follow","max-snippet":"max-snippet:-1","max-image-preview":"max-image-preview:large","max-video-preview":"max-video-preview:-1"},"canonical":"https:\/\/mazarom.ro\/en\/parteneri-2\/lagun-prezentare\/lagun-boxed-technology\/","og_locale":"en_US","og_type":"article","og_title":"MAZAROM","og_description":"MAZAROM IMPEX SRL - Servicii \u00een domeniul ma\u0219inilor unelte CNC. Reprezentant Yamazaki Mazak. Alegere de ma\u0219ini, studii de timp, instalare,instruire, service.","og_url":"https:\/\/mazarom.ro\/en\/parteneri-2\/lagun-prezentare\/lagun-boxed-technology\/","og_site_name":"MAZAROM","article_modified_time":"2025-05-09T10:52:54+00:00","og_image":[{"url":"https:\/\/mazarom.ro\/wp-content\/uploads\/2024\/10\/separator1.webp?_t=1746437973","type":"","width":"","height":""}],"twitter_card":"summary_large_image","twitter_misc":{"Est. reading time":"2 minutes"},"schema":{"@context":"https:\/\/schema.org","@graph":[{"@type":"WebPage","@id":"https:\/\/mazarom.ro\/en\/parteneri-2\/lagun-prezentare\/lagun-boxed-technology\/","url":"https:\/\/mazarom.ro\/en\/parteneri-2\/lagun-prezentare\/lagun-boxed-technology\/","name":"MAZAROM","isPartOf":{"@id":"https:\/\/mazarom.ro\/ro\/#website"},"primaryImageOfPage":{"@id":"https:\/\/mazarom.ro\/en\/parteneri-2\/lagun-prezentare\/lagun-boxed-technology\/#primaryimage"},"image":{"@id":"https:\/\/mazarom.ro\/en\/parteneri-2\/lagun-prezentare\/lagun-boxed-technology\/#primaryimage"},"thumbnailUrl":"https:\/\/mazarom.ro\/wp-content\/uploads\/2024\/10\/separator1.webp?_t=1746437973","datePublished":"2024-09-23T10:27:06+00:00","dateModified":"2025-05-09T10:52:54+00:00","description":"MAZAROM IMPEX SRL - Services in the field of CNC machine tools. Yamazaki Mazak representative. Machine selection, time studies, installation,training, service.","breadcrumb":{"@id":"https:\/\/mazarom.ro\/en\/parteneri-2\/lagun-prezentare\/lagun-boxed-technology\/#breadcrumb"},"inLanguage":"en-US","potentialAction":[{"@type":"ReadAction","target":["https:\/\/mazarom.ro\/en\/parteneri-2\/lagun-prezentare\/lagun-boxed-technology\/"]}]},{"@type":"ImageObject","inLanguage":"en-US","@id":"https:\/\/mazarom.ro\/en\/parteneri-2\/lagun-prezentare\/lagun-boxed-technology\/#primaryimage","url":"https:\/\/mazarom.ro\/wp-content\/uploads\/2024\/10\/separator1.webp?_t=1746437973","contentUrl":"https:\/\/mazarom.ro\/wp-content\/uploads\/2024\/10\/separator1.webp?_t=1746437973"},{"@type":"BreadcrumbList","@id":"https:\/\/mazarom.ro\/en\/parteneri-2\/lagun-prezentare\/lagun-boxed-technology\/#breadcrumb","itemListElement":[{"@type":"ListItem","position":1,"name":"ACAS\u0102","item":"https:\/\/mazarom.ro\/"},{"@type":"ListItem","position":2,"name":"PARTENERI","item":"https:\/\/mazarom.ro\/en\/parteneri-2\/"},{"@type":"ListItem","position":3,"name":"Prezentare LAGUN","item":"https:\/\/mazarom.ro\/en\/parteneri-2\/lagun-prezentare\/"},{"@type":"ListItem","position":4,"name":"Tehnologia Modular\u0103"}]},{"@type":"WebSite","@id":"https:\/\/mazarom.ro\/ro\/#website","url":"https:\/\/mazarom.ro\/ro\/","name":"MAZAROM","description":"","publisher":{"@id":"https:\/\/mazarom.ro\/ro\/#organization"},"potentialAction":[{"@type":"SearchAction","target":{"@type":"EntryPoint","urlTemplate":"https:\/\/mazarom.ro\/ro\/?s={search_term_string}"},"query-input":{"@type":"PropertyValueSpecification","valueRequired":true,"valueName":"search_term_string"}}],"inLanguage":"en-US"},{"@type":"Organization","@id":"https:\/\/mazarom.ro\/ro\/#organization","name":"MAZAROM","url":"https:\/\/mazarom.ro\/ro\/","logo":{"@type":"ImageObject","inLanguage":"en-US","@id":"https:\/\/mazarom.ro\/ro\/#\/schema\/logo\/image\/","url":"https:\/\/mazarom.ro\/wp-content\/uploads\/2024\/09\/logo.webp","contentUrl":"https:\/\/mazarom.ro\/wp-content\/uploads\/2024\/09\/logo.webp","width":1024,"height":137,"caption":"MAZAROM"},"image":{"@id":"https:\/\/mazarom.ro\/ro\/#\/schema\/logo\/image\/"}}]}},"_links":{"self":[{"href":"https:\/\/mazarom.ro\/en\/wp-json\/wp\/v2\/pages\/1675","targetHints":{"allow":["GET"]}}],"collection":[{"href":"https:\/\/mazarom.ro\/en\/wp-json\/wp\/v2\/pages"}],"about":[{"href":"https:\/\/mazarom.ro\/en\/wp-json\/wp\/v2\/types\/page"}],"author":[{"embeddable":true,"href":"https:\/\/mazarom.ro\/en\/wp-json\/wp\/v2\/users\/3"}],"replies":[{"embeddable":true,"href":"https:\/\/mazarom.ro\/en\/wp-json\/wp\/v2\/comments?post=1675"}],"version-history":[{"count":53,"href":"https:\/\/mazarom.ro\/en\/wp-json\/wp\/v2\/pages\/1675\/revisions"}],"predecessor-version":[{"id":9757,"href":"https:\/\/mazarom.ro\/en\/wp-json\/wp\/v2\/pages\/1675\/revisions\/9757"}],"up":[{"embeddable":true,"href":"https:\/\/mazarom.ro\/en\/wp-json\/wp\/v2\/pages\/1301"}],"wp:attachment":[{"href":"https:\/\/mazarom.ro\/en\/wp-json\/wp\/v2\/media?parent=1675"}],"curies":[{"name":"wp","href":"https:\/\/api.w.org\/{rel}","templated":true}]}}