{"id":1810,"date":"2024-09-24T05:00:27","date_gmt":"2024-09-24T05:00:27","guid":{"rendered":"https:\/\/mazarom.ro\/?page_id=1810"},"modified":"2025-05-09T12:48:06","modified_gmt":"2025-05-09T10:48:06","slug":"flow-prezentare","status":"publish","type":"page","link":"https:\/\/mazarom.ro\/en\/parteneri-2\/flow-prezentare\/","title":{"rendered":"FLOW Presentation"},"content":{"rendered":"\t\t<div data-elementor-type=\"wp-page\" data-elementor-id=\"1810\" class=\"elementor elementor-1810\" data-elementor-post-type=\"page\">\n\t\t\t\t<div data-particle_enable=\"false\" data-particle-mobile-disabled=\"false\" class=\"elementor-element elementor-element-39a09d4 e-flex e-con-boxed e-con e-parent\" data-id=\"39a09d4\" data-element_type=\"container\">\n\t\t\t\t\t<div class=\"e-con-inner\">\n\t\t<div data-particle_enable=\"false\" data-particle-mobile-disabled=\"false\" class=\"elementor-element elementor-element-a840aaf e-con-full e-flex e-con e-child\" data-id=\"a840aaf\" data-element_type=\"container\">\n\t\t\t\t<div class=\"elementor-element elementor-element-088f05c elementor-view-default elementor-widget elementor-widget-icon\" data-id=\"088f05c\" data-element_type=\"widget\" data-widget_type=\"icon.default\">\n\t\t\t\t<div class=\"elementor-widget-container\">\n\t\t\t\t\t<div class=\"elementor-icon-wrapper\">\n\t\t\t<a class=\"elementor-icon\" href=\"https:\/\/mazarom.ro\/parteneri\/\">\n\t\t\t<svg aria-hidden=\"true\" class=\"e-font-icon-svg e-fas-long-arrow-alt-left\" viewBox=\"0 0 448 512\" xmlns=\"http:\/\/www.w3.org\/2000\/svg\"><path d=\"M134.059 296H436c6.627 0 12-5.373 12-12v-56c0-6.627-5.373-12-12-12H134.059v-46.059c0-21.382-25.851-32.09-40.971-16.971L7.029 239.029c-9.373 9.373-9.373 24.569 0 33.941l86.059 86.059c15.119 15.119 40.971 4.411 40.971-16.971V296z\"><\/path><\/svg>\t\t\t<\/a>\n\t\t<\/div>\n\t\t\t\t<\/div>\n\t\t\t\t<\/div>\n\t\t\t\t<\/div>\n\t\t<div data-particle_enable=\"false\" data-particle-mobile-disabled=\"false\" class=\"elementor-element elementor-element-d4a983f e-con-full e-flex e-con e-child\" data-id=\"d4a983f\" data-element_type=\"container\">\n\t\t\t\t<div class=\"elementor-element elementor-element-e1fe154 animated-slow elementor-widget elementor-widget-heading\" data-id=\"e1fe154\" data-element_type=\"widget\" data-settings=\"{&quot;_animation&quot;:&quot;none&quot;}\" data-widget_type=\"heading.default\">\n\t\t\t\t<div class=\"elementor-widget-container\">\n\t\t\t<style>\/*! elementor - v3.21.0 - 20-05-2024 *\/\n.elementor-heading-title{padding:0;margin:0;line-height:1}.elementor-widget-heading .elementor-heading-title[class*=elementor-size-]>a{color:inherit;font-size:inherit;line-height:inherit}.elementor-widget-heading .elementor-heading-title.elementor-size-small{font-size:15px}.elementor-widget-heading .elementor-heading-title.elementor-size-medium{font-size:19px}.elementor-widget-heading .elementor-heading-title.elementor-size-large{font-size:29px}.elementor-widget-heading .elementor-heading-title.elementor-size-xl{font-size:39px}.elementor-widget-heading .elementor-heading-title.elementor-size-xxl{font-size:59px}<\/style><h1 class=\"elementor-heading-title elementor-size-default\">PREZENTARE FLOW\n<\/h1>\t\t<\/div>\n\t\t\t\t<\/div>\n\t\t\t\t<\/div>\n\t\t<div data-particle_enable=\"false\" data-particle-mobile-disabled=\"false\" class=\"elementor-element elementor-element-ffe0498 e-con-full e-flex e-con e-child\" data-id=\"ffe0498\" data-element_type=\"container\">\n\t\t\t\t<div class=\"elementor-element elementor-element-74bfd3f elementor-view-default elementor-widget elementor-widget-icon\" data-id=\"74bfd3f\" data-element_type=\"widget\" data-widget_type=\"icon.default\">\n\t\t\t\t<div class=\"elementor-widget-container\">\n\t\t\t\t\t<div class=\"elementor-icon-wrapper\">\n\t\t\t<a class=\"elementor-icon\" href=\"https:\/\/mazarom.ro\/parteneri\/mach-150\/\">\n\t\t\t<svg aria-hidden=\"true\" class=\"e-font-icon-svg e-fas-long-arrow-alt-right\" viewBox=\"0 0 448 512\" xmlns=\"http:\/\/www.w3.org\/2000\/svg\"><path d=\"M313.941 216H12c-6.627 0-12 5.373-12 12v56c0 6.627 5.373 12 12 12h301.941v46.059c0 21.382 25.851 32.09 40.971 16.971l86.059-86.059c9.373-9.373 9.373-24.569 0-33.941l-86.059-86.059c-15.119-15.119-40.971-4.411-40.971 16.971V216z\"><\/path><\/svg>\t\t\t<\/a>\n\t\t<\/div>\n\t\t\t\t<\/div>\n\t\t\t\t<\/div>\n\t\t\t\t<\/div>\n\t\t\t\t\t<\/div>\n\t\t\t\t<\/div>\n\t\t<div data-particle_enable=\"false\" data-particle-mobile-disabled=\"false\" class=\"elementor-element elementor-element-c2f48f6 e-flex e-con-boxed e-con e-parent\" data-id=\"c2f48f6\" data-element_type=\"container\" data-settings=\"{&quot;background_background&quot;:&quot;classic&quot;}\">\n\t\t\t\t\t<div class=\"e-con-inner\">\n\t\t\t\t<div class=\"elementor-element elementor-element-8b5104e elementor-widget elementor-widget-image\" data-id=\"8b5104e\" data-element_type=\"widget\" data-widget_type=\"image.default\">\n\t\t\t\t<div class=\"elementor-widget-container\">\n\t\t\t<style>\/*! elementor - v3.21.0 - 20-05-2024 *\/\n.elementor-widget-image{text-align:center}.elementor-widget-image a{display:inline-block}.elementor-widget-image a img[src$=\".svg\"]{width:48px}.elementor-widget-image img{vertical-align:middle;display:inline-block}<\/style>\t\t\t\t\t\t\t\t\t\t<img decoding=\"async\" src=\"https:\/\/mazarom.ro\/wp-content\/uploads\/2024\/10\/separator1.webp\" title=\"\" alt=\"\" loading=\"lazy\" \/>\t\t\t\t\t\t\t\t\t\t\t\t\t<\/div>\n\t\t\t\t<\/div>\n\t\t\t\t\t<\/div>\n\t\t\t\t<\/div>\n\t\t<div data-particle_enable=\"false\" data-particle-mobile-disabled=\"false\" class=\"elementor-element elementor-element-bc8f055 e-flex e-con-boxed e-con e-parent\" data-id=\"bc8f055\" data-element_type=\"container\">\n\t\t\t\t\t<div class=\"e-con-inner\">\n\t\t\t\t<div class=\"elementor-element elementor-element-41dc5dd elementor-widget__width-initial elementor-widget elementor-widget-video\" data-id=\"41dc5dd\" data-element_type=\"widget\" data-settings=\"{&quot;youtube_url&quot;:&quot;https:\\\/\\\/youtu.be\\\/ycHS9QzxS0c&quot;,&quot;video_type&quot;:&quot;youtube&quot;,&quot;controls&quot;:&quot;yes&quot;}\" data-widget_type=\"video.default\">\n\t\t\t\t<div class=\"elementor-widget-container\">\n\t\t\t<style>\/*! elementor - v3.21.0 - 20-05-2024 *\/\n.elementor-widget-video .elementor-widget-container{overflow:hidden;transform:translateZ(0)}.elementor-widget-video .elementor-wrapper{aspect-ratio:var(--video-aspect-ratio)}.elementor-widget-video .elementor-wrapper iframe,.elementor-widget-video .elementor-wrapper video{height:100%;width:100%;display:flex;border:none;background-color:#000}@supports not (aspect-ratio:1\/1){.elementor-widget-video .elementor-wrapper{position:relative;overflow:hidden;height:0;padding-bottom:calc(100% \/ var(--video-aspect-ratio))}.elementor-widget-video .elementor-wrapper iframe,.elementor-widget-video .elementor-wrapper video{position:absolute;top:0;right:0;bottom:0;left:0}}.elementor-widget-video .elementor-open-inline .elementor-custom-embed-image-overlay{position:absolute;top:0;right:0;bottom:0;left:0;background-size:cover;background-position:50%}.elementor-widget-video .elementor-custom-embed-image-overlay{cursor:pointer;text-align:center}.elementor-widget-video .elementor-custom-embed-image-overlay:hover .elementor-custom-embed-play i{opacity:1}.elementor-widget-video .elementor-custom-embed-image-overlay img{display:block;width:100%;aspect-ratio:var(--video-aspect-ratio);-o-object-fit:cover;object-fit:cover;-o-object-position:center center;object-position:center center}@supports not (aspect-ratio:1\/1){.elementor-widget-video .elementor-custom-embed-image-overlay{position:relative;overflow:hidden;height:0;padding-bottom:calc(100% \/ var(--video-aspect-ratio))}.elementor-widget-video .elementor-custom-embed-image-overlay img{position:absolute;top:0;right:0;bottom:0;left:0}}.elementor-widget-video .e-hosted-video .elementor-video{-o-object-fit:cover;object-fit:cover}.e-con-inner>.elementor-widget-video,.e-con>.elementor-widget-video{width:var(--container-widget-width);--flex-grow:var(--container-widget-flex-grow)}<\/style>\t\t<div class=\"elementor-wrapper elementor-open-inline\">\n\t\t\t<div class=\"elementor-video\"><\/div>\t\t<\/div>\n\t\t\t\t<\/div>\n\t\t\t\t<\/div>\n\t\t\t\t\t<\/div>\n\t\t\t\t<\/div>\n\t\t<div data-particle_enable=\"false\" data-particle-mobile-disabled=\"false\" class=\"elementor-element elementor-element-3a9b1d3 e-flex e-con-boxed e-con e-parent\" data-id=\"3a9b1d3\" data-element_type=\"container\">\n\t\t\t\t\t<div class=\"e-con-inner\">\n\t\t\t\t<div class=\"elementor-element elementor-element-0c68a40 animated-slow elementor-widget elementor-widget-heading\" data-id=\"0c68a40\" data-element_type=\"widget\" data-settings=\"{&quot;_animation&quot;:&quot;none&quot;}\" data-widget_type=\"heading.default\">\n\t\t\t\t<div class=\"elementor-widget-container\">\n\t\t\t<h2 class=\"elementor-heading-title elementor-size-default\">DESPRE FLOW<\/h2>\t\t<\/div>\n\t\t\t\t<\/div>\n\t\t\t\t\t<\/div>\n\t\t\t\t<\/div>\n\t\t<div data-particle_enable=\"false\" data-particle-mobile-disabled=\"false\" class=\"elementor-element elementor-element-d6f1321 e-flex e-con-boxed e-con e-parent\" data-id=\"d6f1321\" data-element_type=\"container\">\n\t\t\t\t\t<div class=\"e-con-inner\">\n\t\t\t\t<div class=\"elementor-element elementor-element-925795d elementor-widget elementor-widget-image\" data-id=\"925795d\" data-element_type=\"widget\" data-widget_type=\"image.default\">\n\t\t\t\t<div class=\"elementor-widget-container\">\n\t\t\t\t\t\t\t\t\t\t\t\t\t<img decoding=\"async\" src=\"https:\/\/mazarom.ro\/wp-content\/uploads\/2024\/10\/separator1.webp\" title=\"\" alt=\"\" loading=\"lazy\" \/>\t\t\t\t\t\t\t\t\t\t\t\t\t<\/div>\n\t\t\t\t<\/div>\n\t\t\t\t\t<\/div>\n\t\t\t\t<\/div>\n\t\t<div data-particle_enable=\"false\" data-particle-mobile-disabled=\"false\" class=\"elementor-element elementor-element-e8dda60 e-flex e-con-boxed e-con e-parent\" data-id=\"e8dda60\" data-element_type=\"container\">\n\t\t\t\t\t<div class=\"e-con-inner\">\n\t\t<div data-particle_enable=\"false\" data-particle-mobile-disabled=\"false\" class=\"elementor-element elementor-element-db4eb59 e-con-full e-flex e-con e-child\" data-id=\"db4eb59\" data-element_type=\"container\">\n\t\t\t\t<div class=\"elementor-element elementor-element-d4f2415 elementor-widget-mobile__width-initial elementor-widget elementor-widget-image\" data-id=\"d4f2415\" data-element_type=\"widget\" data-widget_type=\"image.default\">\n\t\t\t\t<div class=\"elementor-widget-container\">\n\t\t\t\t\t\t\t\t\t\t\t\t\t\t<a href=\"https:\/\/www.flowwaterjet.com\" target=\"_blank\">\n\t\t\t\t\t\t\t<img decoding=\"async\" src=\"https:\/\/mazarom.ro\/wp-content\/uploads\/elementor\/thumbs\/FLOW-1-qukcfia10z97vd48u258n78wcg5w4rbg030jxdpzb4.png\" title=\"FLOW\" alt=\"FLOW\" loading=\"lazy\" \/>\t\t\t\t\t\t\t\t<\/a>\n\t\t\t\t\t\t\t\t\t\t\t\t\t<\/div>\n\t\t\t\t<\/div>\n\t\t\t\t<div class=\"elementor-element elementor-element-740c353 blurry elementor-widget elementor-widget-text-editor\" data-id=\"740c353\" data-element_type=\"widget\" data-widget_type=\"text-editor.default\">\n\t\t\t\t<div class=\"elementor-widget-container\">\n\t\t\t<style>\/*! elementor - v3.21.0 - 20-05-2024 *\/\n.elementor-widget-text-editor.elementor-drop-cap-view-stacked .elementor-drop-cap{background-color:#69727d;color:#fff}.elementor-widget-text-editor.elementor-drop-cap-view-framed .elementor-drop-cap{color:#69727d;border:3px solid;background-color:transparent}.elementor-widget-text-editor:not(.elementor-drop-cap-view-default) .elementor-drop-cap{margin-top:8px}.elementor-widget-text-editor:not(.elementor-drop-cap-view-default) .elementor-drop-cap-letter{width:1em;height:1em}.elementor-widget-text-editor .elementor-drop-cap{float:left;text-align:center;line-height:1;font-size:50px}.elementor-widget-text-editor .elementor-drop-cap-letter{display:inline-block}<\/style>\t\t\t\t<section class=\"elementor-section elementor-top-section elementor-element elementor-element-01a4c14 elementor-section-boxed elementor-section-height-default elementor-section-height-default\" data-id=\"01a4c14\" data-element_type=\"section\" data-settings=\"{&quot;background_background&quot;:&quot;classic&quot;}\"><div class=\"elementor-container elementor-column-gap-default\"><div class=\"elementor-column elementor-col-100 elementor-top-column elementor-element elementor-element-ab05d63\" data-id=\"ab05d63\" data-element_type=\"column\"><div class=\"elementor-widget-wrap elementor-element-populated\"><div class=\"elementor-element elementor-element-c94680a elementor-widget elementor-widget-text-editor\" data-id=\"c94680a\" data-element_type=\"widget\" data-widget_type=\"text-editor.default\"><div class=\"elementor-widget-container\"><p><span style=\"color: #ffffff;\"><strong>Flow<\/strong> dateaz\u0103 \u00eenc\u0103 de la \u00eenceputul anilor \u201970, c\u00e2nd oamenii de \u0219tiin\u021ba din departamentul de cercetare \u0219i dezvoltare de la Boeing au fondat <strong>Flow Research<\/strong>. Prima tehnologie comercializat\u0103 de <strong>Flow Research<\/strong> a fost utilizarea unui UHP cu jet de ap\u0103 ca instrument de taiere industrial.<\/span><\/p><p><span style=\"color: #ffffff;\">La scurt timp dup\u0103 aceea, au inventat, brevetat \u0219i perfec\u021bionat primul sistem de debitare cu jet de ap\u0103 din lume. Din 1974, <strong>Flow<\/strong> a livrat peste 13.000 de sisteme de debitare cu jet de ap\u0103 pentru clien\u021bi din mai mult de 100 de \u021b\u0103ri.<\/span><\/p><p><span style=\"color: #ffffff;\"><strong>Flow<\/strong> optimizeaz\u0103 procesul de fabrica\u021bie cu jet de ap\u0103. Practic, taie orice material, de la metale moderne la materiale specifice domeniului ingineriei.\u00a0<\/span><\/p><p><span style=\"color: #ffffff;\"><strong>Flow Waterjet<\/strong> \u2013 Cel mai renumit produc\u0103tor de ma\u0219ini de debitat cu jet de ap\u0103\u00a0 din lume.<\/span><\/p><p><span style=\"color: #ffffff;\">Ma\u0219inile de debitat cu jet de ap\u0103 <strong>Flow Waterjet<\/strong> sunt rapide, precise, flexibile \u0219i u\u0219or de utilizat. Acestea pot t\u0103ia o mare varietate de materiale \u00een mod eficient \u0219i la un cost scazut. De asemenea, pot prelucra o mare diversitate de piese.<\/span><\/p><p><span style=\"color: #ffffff;\">Avantajele prelucr\u0103rii cu jet de ap\u0103:<\/span><br \/><span style=\"color: #ffffff;\">\u2013 Nu exist\u0103 zon\u0103 afectat\u0103 termic;<\/span><br \/><span style=\"color: #ffffff;\">\u2013 Nu se schimb\u0103 propriet\u0103\u021bile materialului;<\/span><br \/><span style=\"color: #ffffff;\">\u2013 T\u0103ierea cu jet de ap\u0103 asigur\u0103 o prelucrare precis\u0103 a pieselor de grosime mare;<\/span><br \/><span style=\"color: #ffffff;\">\u2013 Finisare superioar\u0103 a marginilor;<\/span><br \/><span style=\"color: #ffffff;\">\u2013 Costuri reduse de \u00eentre\u021binere ale\u00a0 echipamentelor.<\/span><\/p><p><span style=\"color: #ffffff;\">Compania <strong>Flow Waterjet<\/strong>, cu cele mai multe brevete \u00een domeniul debit\u0103rii cu jet de ap\u0103, ofer\u0103 cea mai avansat\u0103 tehnologie, testata cu aten\u021bie \u0219i permanent \u00eembun\u0103t\u0103\u021bit\u0103, at\u00e2t variante de ma\u0219ini de debitat cu jet de ap\u0103 pur\u0103, pentru t\u0103ierea materialelor moi, c\u00e2t \u0219i cu jet abraziv, pentru materiale dure.<\/span><\/p><\/div><\/div><\/div><\/div><\/div><\/section>\t\t\t\t\t\t<\/div>\n\t\t\t\t<\/div>\n\t\t\t\t<\/div>\n\t\t<div data-particle_enable=\"false\" data-particle-mobile-disabled=\"false\" class=\"elementor-element elementor-element-f3e4c42 e-con-full e-flex e-con e-child\" data-id=\"f3e4c42\" data-element_type=\"container\">\n\t\t\t\t<div class=\"elementor-element elementor-element-cfd7aa5 elementor-widget elementor-widget-image\" data-id=\"cfd7aa5\" data-element_type=\"widget\" data-widget_type=\"image.default\">\n\t\t\t\t<div class=\"elementor-widget-container\">\n\t\t\t\t\t\t\t\t\t\t\t\t\t<img fetchpriority=\"high\" decoding=\"async\" width=\"768\" height=\"1024\" src=\"https:\/\/mazarom.ro\/wp-content\/uploads\/2024\/09\/image1-1-768x1024.webp\" class=\"attachment-large size-large wp-image-1830\" alt=\"\" srcset=\"https:\/\/mazarom.ro\/wp-content\/uploads\/2024\/09\/image1-1-768x1024.webp 768w, https:\/\/mazarom.ro\/wp-content\/uploads\/2024\/09\/image1-1-225x300.webp 225w, https:\/\/mazarom.ro\/wp-content\/uploads\/2024\/09\/image1-1.webp 1152w\" sizes=\"(max-width: 768px) 100vw, 768px\" \/>\t\t\t\t\t\t\t\t\t\t\t\t\t<\/div>\n\t\t\t\t<\/div>\n\t\t\t\t<\/div>\n\t\t\t\t\t<\/div>\n\t\t\t\t<\/div>\n\t\t<div data-particle_enable=\"false\" data-particle-mobile-disabled=\"false\" class=\"elementor-element elementor-element-b3ad1ee e-flex e-con-boxed e-con e-parent\" data-id=\"b3ad1ee\" data-element_type=\"container\">\n\t\t\t\t\t<div class=\"e-con-inner\">\n\t\t\t\t<div class=\"elementor-element elementor-element-c98f6b4 elementor-widget elementor-widget-image\" data-id=\"c98f6b4\" data-element_type=\"widget\" data-widget_type=\"image.default\">\n\t\t\t\t<div class=\"elementor-widget-container\">\n\t\t\t\t\t\t\t\t\t\t\t\t\t<img decoding=\"async\" src=\"https:\/\/mazarom.ro\/wp-content\/uploads\/2024\/10\/separator1.webp\" title=\"\" alt=\"\" loading=\"lazy\" \/>\t\t\t\t\t\t\t\t\t\t\t\t\t<\/div>\n\t\t\t\t<\/div>\n\t\t\t\t\t<\/div>\n\t\t\t\t<\/div>\n\t\t\t\t<\/div>\n\t\t","protected":false},"excerpt":{"rendered":"<p>PREZENTARE FLOW DESPRE FLOW Flow dateaz\u0103 \u00eenc\u0103 de la \u00eenceputul anilor \u201970, c\u00e2nd oamenii de \u0219tiin\u021ba din departamentul de cercetare \u0219i dezvoltare de la Boeing au fondat Flow Research. Prima tehnologie comercializat\u0103 de Flow Research a fost utilizarea unui UHP cu jet de ap\u0103 ca instrument de taiere industrial. La scurt timp dup\u0103 aceea, au [&hellip;]<\/p>\n","protected":false},"author":3,"featured_media":0,"parent":9405,"menu_order":0,"comment_status":"closed","ping_status":"closed","template":"","meta":{"iawp_total_views":35,"footnotes":""},"class_list":["post-1810","page","type-page","status-publish","hentry"],"yoast_head":"<!-- This site is optimized with the Yoast SEO plugin v27.0 - https:\/\/yoast.com\/product\/yoast-seo-wordpress\/ -->\n<title>MAZAROM<\/title>\n<meta name=\"description\" content=\"MAZAROM IMPEX SRL - Servicii \u00een domeniul ma\u0219inilor unelte CNC. Reprezentant Yamazaki Mazak. Alegere de ma\u0219ini, studii de timp, instalare,instruire, service.\" \/>\n<meta name=\"robots\" content=\"index, follow, max-snippet:-1, max-image-preview:large, max-video-preview:-1\" \/>\n<link rel=\"canonical\" href=\"https:\/\/mazarom.ro\/en\/parteneri-2\/flow-prezentare\/\" \/>\n<meta property=\"og:locale\" content=\"en_US\" \/>\n<meta property=\"og:type\" content=\"article\" \/>\n<meta property=\"og:title\" content=\"MAZAROM\" \/>\n<meta property=\"og:description\" content=\"MAZAROM IMPEX SRL - Servicii \u00een domeniul ma\u0219inilor unelte CNC. Reprezentant Yamazaki Mazak. Alegere de ma\u0219ini, studii de timp, instalare,instruire, service.\" \/>\n<meta property=\"og:url\" content=\"https:\/\/mazarom.ro\/en\/parteneri-2\/flow-prezentare\/\" \/>\n<meta property=\"og:site_name\" content=\"MAZAROM\" \/>\n<meta property=\"article:modified_time\" content=\"2025-05-09T10:48:06+00:00\" \/>\n<meta property=\"og:image\" content=\"https:\/\/mazarom.ro\/wp-content\/uploads\/2024\/10\/separator1.webp\" \/>\n<meta name=\"twitter:card\" content=\"summary_large_image\" \/>\n<meta name=\"twitter:label1\" content=\"Est. reading time\" \/>\n\t<meta name=\"twitter:data1\" content=\"4 minutes\" \/>\n<script type=\"application\/ld+json\" class=\"yoast-schema-graph\">{\"@context\":\"https:\/\/schema.org\",\"@graph\":[{\"@type\":\"WebPage\",\"@id\":\"https:\/\/mazarom.ro\/en\/parteneri-2\/flow-prezentare\/\",\"url\":\"https:\/\/mazarom.ro\/en\/parteneri-2\/flow-prezentare\/\",\"name\":\"MAZAROM\",\"isPartOf\":{\"@id\":\"https:\/\/mazarom.ro\/ro\/#website\"},\"primaryImageOfPage\":{\"@id\":\"https:\/\/mazarom.ro\/en\/parteneri-2\/flow-prezentare\/#primaryimage\"},\"image\":{\"@id\":\"https:\/\/mazarom.ro\/en\/parteneri-2\/flow-prezentare\/#primaryimage\"},\"thumbnailUrl\":\"https:\/\/mazarom.ro\/wp-content\/uploads\/2024\/10\/separator1.webp\",\"datePublished\":\"2024-09-24T05:00:27+00:00\",\"dateModified\":\"2025-05-09T10:48:06+00:00\",\"description\":\"MAZAROM IMPEX SRL - Servicii \u00een domeniul ma\u0219inilor unelte CNC. Reprezentant Yamazaki Mazak. Alegere de ma\u0219ini, studii de timp, instalare,instruire, service.\",\"breadcrumb\":{\"@id\":\"https:\/\/mazarom.ro\/en\/parteneri-2\/flow-prezentare\/#breadcrumb\"},\"inLanguage\":\"en-US\",\"potentialAction\":[{\"@type\":\"ReadAction\",\"target\":[\"https:\/\/mazarom.ro\/en\/parteneri-2\/flow-prezentare\/\"]}]},{\"@type\":\"ImageObject\",\"inLanguage\":\"en-US\",\"@id\":\"https:\/\/mazarom.ro\/en\/parteneri-2\/flow-prezentare\/#primaryimage\",\"url\":\"https:\/\/mazarom.ro\/wp-content\/uploads\/2024\/10\/separator1.webp\",\"contentUrl\":\"https:\/\/mazarom.ro\/wp-content\/uploads\/2024\/10\/separator1.webp\"},{\"@type\":\"BreadcrumbList\",\"@id\":\"https:\/\/mazarom.ro\/en\/parteneri-2\/flow-prezentare\/#breadcrumb\",\"itemListElement\":[{\"@type\":\"ListItem\",\"position\":1,\"name\":\"ACAS\u0102\",\"item\":\"https:\/\/mazarom.ro\/\"},{\"@type\":\"ListItem\",\"position\":2,\"name\":\"PARTENERI\",\"item\":\"https:\/\/mazarom.ro\/en\/parteneri-2\/\"},{\"@type\":\"ListItem\",\"position\":3,\"name\":\"Prezentare FLOW\"}]},{\"@type\":\"WebSite\",\"@id\":\"https:\/\/mazarom.ro\/ro\/#website\",\"url\":\"https:\/\/mazarom.ro\/ro\/\",\"name\":\"MAZAROM\",\"description\":\"\",\"publisher\":{\"@id\":\"https:\/\/mazarom.ro\/ro\/#organization\"},\"potentialAction\":[{\"@type\":\"SearchAction\",\"target\":{\"@type\":\"EntryPoint\",\"urlTemplate\":\"https:\/\/mazarom.ro\/ro\/?s={search_term_string}\"},\"query-input\":{\"@type\":\"PropertyValueSpecification\",\"valueRequired\":true,\"valueName\":\"search_term_string\"}}],\"inLanguage\":\"en-US\"},{\"@type\":\"Organization\",\"@id\":\"https:\/\/mazarom.ro\/ro\/#organization\",\"name\":\"MAZAROM\",\"url\":\"https:\/\/mazarom.ro\/ro\/\",\"logo\":{\"@type\":\"ImageObject\",\"inLanguage\":\"en-US\",\"@id\":\"https:\/\/mazarom.ro\/ro\/#\/schema\/logo\/image\/\",\"url\":\"https:\/\/mazarom.ro\/wp-content\/uploads\/2024\/09\/logo.webp\",\"contentUrl\":\"https:\/\/mazarom.ro\/wp-content\/uploads\/2024\/09\/logo.webp\",\"width\":1024,\"height\":137,\"caption\":\"MAZAROM\"},\"image\":{\"@id\":\"https:\/\/mazarom.ro\/ro\/#\/schema\/logo\/image\/\"}}]}<\/script>\n<!-- \/ Yoast SEO plugin. -->","yoast_head_json":{"title":"MAZAROM","description":"MAZAROM IMPEX SRL - Services in the field of CNC machine tools. Yamazaki Mazak representative. Machine selection, time studies, installation,training, service.","robots":{"index":"index","follow":"follow","max-snippet":"max-snippet:-1","max-image-preview":"max-image-preview:large","max-video-preview":"max-video-preview:-1"},"canonical":"https:\/\/mazarom.ro\/en\/parteneri-2\/flow-prezentare\/","og_locale":"en_US","og_type":"article","og_title":"MAZAROM","og_description":"MAZAROM IMPEX SRL - Servicii \u00een domeniul ma\u0219inilor unelte CNC. Reprezentant Yamazaki Mazak. Alegere de ma\u0219ini, studii de timp, instalare,instruire, service.","og_url":"https:\/\/mazarom.ro\/en\/parteneri-2\/flow-prezentare\/","og_site_name":"MAZAROM","article_modified_time":"2025-05-09T10:48:06+00:00","og_image":[{"url":"https:\/\/mazarom.ro\/wp-content\/uploads\/2024\/10\/separator1.webp","type":"","width":"","height":""}],"twitter_card":"summary_large_image","twitter_misc":{"Est. reading time":"4 minutes"},"schema":{"@context":"https:\/\/schema.org","@graph":[{"@type":"WebPage","@id":"https:\/\/mazarom.ro\/en\/parteneri-2\/flow-prezentare\/","url":"https:\/\/mazarom.ro\/en\/parteneri-2\/flow-prezentare\/","name":"MAZAROM","isPartOf":{"@id":"https:\/\/mazarom.ro\/ro\/#website"},"primaryImageOfPage":{"@id":"https:\/\/mazarom.ro\/en\/parteneri-2\/flow-prezentare\/#primaryimage"},"image":{"@id":"https:\/\/mazarom.ro\/en\/parteneri-2\/flow-prezentare\/#primaryimage"},"thumbnailUrl":"https:\/\/mazarom.ro\/wp-content\/uploads\/2024\/10\/separator1.webp","datePublished":"2024-09-24T05:00:27+00:00","dateModified":"2025-05-09T10:48:06+00:00","description":"MAZAROM IMPEX SRL - Services in the field of CNC machine tools. Yamazaki Mazak representative. Machine selection, time studies, installation,training, service.","breadcrumb":{"@id":"https:\/\/mazarom.ro\/en\/parteneri-2\/flow-prezentare\/#breadcrumb"},"inLanguage":"en-US","potentialAction":[{"@type":"ReadAction","target":["https:\/\/mazarom.ro\/en\/parteneri-2\/flow-prezentare\/"]}]},{"@type":"ImageObject","inLanguage":"en-US","@id":"https:\/\/mazarom.ro\/en\/parteneri-2\/flow-prezentare\/#primaryimage","url":"https:\/\/mazarom.ro\/wp-content\/uploads\/2024\/10\/separator1.webp","contentUrl":"https:\/\/mazarom.ro\/wp-content\/uploads\/2024\/10\/separator1.webp"},{"@type":"BreadcrumbList","@id":"https:\/\/mazarom.ro\/en\/parteneri-2\/flow-prezentare\/#breadcrumb","itemListElement":[{"@type":"ListItem","position":1,"name":"ACAS\u0102","item":"https:\/\/mazarom.ro\/"},{"@type":"ListItem","position":2,"name":"PARTENERI","item":"https:\/\/mazarom.ro\/en\/parteneri-2\/"},{"@type":"ListItem","position":3,"name":"Prezentare FLOW"}]},{"@type":"WebSite","@id":"https:\/\/mazarom.ro\/ro\/#website","url":"https:\/\/mazarom.ro\/ro\/","name":"MAZAROM","description":"","publisher":{"@id":"https:\/\/mazarom.ro\/ro\/#organization"},"potentialAction":[{"@type":"SearchAction","target":{"@type":"EntryPoint","urlTemplate":"https:\/\/mazarom.ro\/ro\/?s={search_term_string}"},"query-input":{"@type":"PropertyValueSpecification","valueRequired":true,"valueName":"search_term_string"}}],"inLanguage":"en-US"},{"@type":"Organization","@id":"https:\/\/mazarom.ro\/ro\/#organization","name":"MAZAROM","url":"https:\/\/mazarom.ro\/ro\/","logo":{"@type":"ImageObject","inLanguage":"en-US","@id":"https:\/\/mazarom.ro\/ro\/#\/schema\/logo\/image\/","url":"https:\/\/mazarom.ro\/wp-content\/uploads\/2024\/09\/logo.webp","contentUrl":"https:\/\/mazarom.ro\/wp-content\/uploads\/2024\/09\/logo.webp","width":1024,"height":137,"caption":"MAZAROM"},"image":{"@id":"https:\/\/mazarom.ro\/ro\/#\/schema\/logo\/image\/"}}]}},"_links":{"self":[{"href":"https:\/\/mazarom.ro\/en\/wp-json\/wp\/v2\/pages\/1810","targetHints":{"allow":["GET"]}}],"collection":[{"href":"https:\/\/mazarom.ro\/en\/wp-json\/wp\/v2\/pages"}],"about":[{"href":"https:\/\/mazarom.ro\/en\/wp-json\/wp\/v2\/types\/page"}],"author":[{"embeddable":true,"href":"https:\/\/mazarom.ro\/en\/wp-json\/wp\/v2\/users\/3"}],"replies":[{"embeddable":true,"href":"https:\/\/mazarom.ro\/en\/wp-json\/wp\/v2\/comments?post=1810"}],"version-history":[{"count":70,"href":"https:\/\/mazarom.ro\/en\/wp-json\/wp\/v2\/pages\/1810\/revisions"}],"predecessor-version":[{"id":9676,"href":"https:\/\/mazarom.ro\/en\/wp-json\/wp\/v2\/pages\/1810\/revisions\/9676"}],"up":[{"embeddable":true,"href":"https:\/\/mazarom.ro\/en\/wp-json\/wp\/v2\/pages\/9405"}],"wp:attachment":[{"href":"https:\/\/mazarom.ro\/en\/wp-json\/wp\/v2\/media?parent=1810"}],"curies":[{"name":"wp","href":"https:\/\/api.w.org\/{rel}","templated":true}]}}