{"id":2054,"date":"2024-09-27T10:36:02","date_gmt":"2024-09-27T10:36:02","guid":{"rendered":"https:\/\/mazarom.ro\/?page_id=2054"},"modified":"2025-05-09T12:51:31","modified_gmt":"2025-05-09T10:51:31","slug":"karl-roll-sistem-debavurare-cu-jet-de-apa","status":"publish","type":"page","link":"https:\/\/mazarom.ro\/en\/parteneri-2\/karl-roll-prezentare\/karl-roll-sistem-debavurare-cu-jet-de-apa\/","title":{"rendered":"Water Jet Deburring System"},"content":{"rendered":"\t\t<div data-elementor-type=\"wp-page\" data-elementor-id=\"2054\" class=\"elementor elementor-2054\" data-elementor-post-type=\"page\">\n\t\t\t\t<div data-particle_enable=\"false\" data-particle-mobile-disabled=\"false\" class=\"elementor-element elementor-element-c941190 e-flex e-con-boxed e-con e-parent\" data-id=\"c941190\" data-element_type=\"container\">\n\t\t\t\t\t<div class=\"e-con-inner\">\n\t\t<div data-particle_enable=\"false\" data-particle-mobile-disabled=\"false\" class=\"elementor-element elementor-element-9d0690c e-con-full e-flex e-con e-child\" data-id=\"9d0690c\" data-element_type=\"container\">\n\t\t\t\t<div class=\"elementor-element elementor-element-2f47fcf elementor-view-default elementor-widget elementor-widget-icon\" data-id=\"2f47fcf\" data-element_type=\"widget\" data-widget_type=\"icon.default\">\n\t\t\t\t<div class=\"elementor-widget-container\">\n\t\t\t\t\t<div class=\"elementor-icon-wrapper\">\n\t\t\t<a class=\"elementor-icon\" href=\"https:\/\/mazarom.ro\/parteneri\/karl-roll-sisteme-curatare-combinate\/\">\n\t\t\t<svg aria-hidden=\"true\" class=\"e-font-icon-svg e-fas-long-arrow-alt-left\" viewBox=\"0 0 448 512\" xmlns=\"http:\/\/www.w3.org\/2000\/svg\"><path d=\"M134.059 296H436c6.627 0 12-5.373 12-12v-56c0-6.627-5.373-12-12-12H134.059v-46.059c0-21.382-25.851-32.09-40.971-16.971L7.029 239.029c-9.373 9.373-9.373 24.569 0 33.941l86.059 86.059c15.119 15.119 40.971 4.411 40.971-16.971V296z\"><\/path><\/svg>\t\t\t<\/a>\n\t\t<\/div>\n\t\t\t\t<\/div>\n\t\t\t\t<\/div>\n\t\t\t\t<\/div>\n\t\t<div data-particle_enable=\"false\" data-particle-mobile-disabled=\"false\" class=\"elementor-element elementor-element-5e62c9d e-con-full e-flex e-con e-child\" data-id=\"5e62c9d\" data-element_type=\"container\">\n\t\t\t\t<div class=\"elementor-element elementor-element-abfe5db animated-slow elementor-widget elementor-widget-heading\" data-id=\"abfe5db\" data-element_type=\"widget\" data-settings=\"{&quot;_animation&quot;:&quot;none&quot;}\" data-widget_type=\"heading.default\">\n\t\t\t\t<div class=\"elementor-widget-container\">\n\t\t\t<style>\/*! elementor - v3.21.0 - 20-05-2024 *\/\n.elementor-heading-title{padding:0;margin:0;line-height:1}.elementor-widget-heading .elementor-heading-title[class*=elementor-size-]>a{color:inherit;font-size:inherit;line-height:inherit}.elementor-widget-heading .elementor-heading-title.elementor-size-small{font-size:15px}.elementor-widget-heading .elementor-heading-title.elementor-size-medium{font-size:19px}.elementor-widget-heading .elementor-heading-title.elementor-size-large{font-size:29px}.elementor-widget-heading .elementor-heading-title.elementor-size-xl{font-size:39px}.elementor-widget-heading .elementor-heading-title.elementor-size-xxl{font-size:59px}<\/style><h1 class=\"elementor-heading-title elementor-size-default\">SISTEM DE DEBAVURARE CU JET DE AP\u0102<\/h1>\t\t<\/div>\n\t\t\t\t<\/div>\n\t\t\t\t<\/div>\n\t\t<div data-particle_enable=\"false\" data-particle-mobile-disabled=\"false\" class=\"elementor-element elementor-element-2ce2ebb e-con-full e-flex e-con e-child\" data-id=\"2ce2ebb\" data-element_type=\"container\">\n\t\t\t\t<\/div>\n\t\t\t\t\t<\/div>\n\t\t\t\t<\/div>\n\t\t<div data-particle_enable=\"false\" data-particle-mobile-disabled=\"false\" class=\"elementor-element elementor-element-6d18937 e-flex e-con-boxed e-con e-parent\" data-id=\"6d18937\" data-element_type=\"container\" data-settings=\"{&quot;background_background&quot;:&quot;classic&quot;}\">\n\t\t\t\t\t<div class=\"e-con-inner\">\n\t\t\t\t<div class=\"elementor-element elementor-element-218e46a elementor-widget elementor-widget-image\" data-id=\"218e46a\" data-element_type=\"widget\" data-widget_type=\"image.default\">\n\t\t\t\t<div class=\"elementor-widget-container\">\n\t\t\t<style>\/*! elementor - v3.21.0 - 20-05-2024 *\/\n.elementor-widget-image{text-align:center}.elementor-widget-image a{display:inline-block}.elementor-widget-image a img[src$=\".svg\"]{width:48px}.elementor-widget-image img{vertical-align:middle;display:inline-block}<\/style>\t\t\t\t\t\t\t\t\t\t<img decoding=\"async\" width=\"2048\" height=\"15\" src=\"https:\/\/mazarom.ro\/wp-content\/uploads\/2024\/10\/separator1.webp\" class=\"attachment-full size-full wp-image-4638\" alt=\"\" srcset=\"https:\/\/mazarom.ro\/wp-content\/uploads\/2024\/10\/separator1.webp 2048w, https:\/\/mazarom.ro\/wp-content\/uploads\/2024\/10\/separator1-300x2.webp 300w, https:\/\/mazarom.ro\/wp-content\/uploads\/2024\/10\/separator1-1024x8.webp 1024w, https:\/\/mazarom.ro\/wp-content\/uploads\/2024\/10\/separator1-768x6.webp 768w, https:\/\/mazarom.ro\/wp-content\/uploads\/2024\/10\/separator1-1536x11.webp 1536w, https:\/\/mazarom.ro\/wp-content\/uploads\/2024\/10\/separator1-18x1.webp 18w\" sizes=\"(max-width: 2048px) 100vw, 2048px\" \/>\t\t\t\t\t\t\t\t\t\t\t\t\t<\/div>\n\t\t\t\t<\/div>\n\t\t\t\t\t<\/div>\n\t\t\t\t<\/div>\n\t\t<div data-particle_enable=\"false\" data-particle-mobile-disabled=\"false\" class=\"elementor-element elementor-element-250d917 e-flex e-con-boxed e-con e-parent\" data-id=\"250d917\" data-element_type=\"container\">\n\t\t\t\t\t<div class=\"e-con-inner\">\n\t\t<div data-particle_enable=\"false\" data-particle-mobile-disabled=\"false\" class=\"elementor-element elementor-element-f9d32b3 e-con-full e-flex e-con e-child\" data-id=\"f9d32b3\" data-element_type=\"container\">\n\t\t\t\t<div class=\"elementor-element elementor-element-0b4e3cc blurry elementor-widget elementor-widget-text-editor\" data-id=\"0b4e3cc\" data-element_type=\"widget\" data-widget_type=\"text-editor.default\">\n\t\t\t\t<div class=\"elementor-widget-container\">\n\t\t\t<style>\/*! elementor - v3.21.0 - 20-05-2024 *\/\n.elementor-widget-text-editor.elementor-drop-cap-view-stacked .elementor-drop-cap{background-color:#69727d;color:#fff}.elementor-widget-text-editor.elementor-drop-cap-view-framed .elementor-drop-cap{color:#69727d;border:3px solid;background-color:transparent}.elementor-widget-text-editor:not(.elementor-drop-cap-view-default) .elementor-drop-cap{margin-top:8px}.elementor-widget-text-editor:not(.elementor-drop-cap-view-default) .elementor-drop-cap-letter{width:1em;height:1em}.elementor-widget-text-editor .elementor-drop-cap{float:left;text-align:center;line-height:1;font-size:50px}.elementor-widget-text-editor .elementor-drop-cap-letter{display:inline-block}<\/style>\t\t\t\t<p><br \/>Prelucrarea cu jet de ap\u0103 de \u00eenalt\u0103 presiune permite debavurarea dup\u0103 prelucrare, precum \u0219i \u00eendep\u0103rtarea u\u0219oar\u0103 a oric\u0103ror a\u0219chii reziduale sau pentru cur\u0103\u021barea ultra-fin\u0103 a suprafe\u021belor.<\/p><p>Jetul de ap\u0103 generat de unitatea de \u00eenalt\u0103 presiune poate fi utilizat pentru debavurare sau cur\u0103\u021bare datorit\u0103 sistemelor de duze personalizate.<\/p><p>Energia cinetic\u0103 ridicat\u0103 a jetului de ap\u0103 permite debavurarea rapid\u0103 \u0219i fiabil\u0103 a marginilor de prelucrare, precum \u0219i \u00eendep\u0103rtarea a\u0219chiilor \u0219i a altor reziduuri blocate de piesa prelucrat\u0103.<\/p><p>Jetul de ap\u0103 poate fi direc\u021bionat direct \u00een puncte individuale sau aplicat pe suprafe\u021be pentru a \u00eendep\u0103rta bavurile sau zgura de sudare.<\/p><p>Sistemul permite cur\u0103\u021barea \u0219i debavurarea simultan\u0103 cu presiune foarte mare a apei.<\/p><p>Aceast\u0103 solu\u021bie de cur\u0103\u021bare \u0219i debavurare ofer\u0103 precizie, eficien\u021b\u0103 \u0219i flexibilitate de neegalat.<\/p>\t\t\t\t\t\t<\/div>\n\t\t\t\t<\/div>\n\t\t\t\t<\/div>\n\t\t<div data-particle_enable=\"false\" data-particle-mobile-disabled=\"false\" class=\"elementor-element elementor-element-62727fa e-con-full e-flex e-con e-child\" data-id=\"62727fa\" data-element_type=\"container\">\n\t\t\t\t<div class=\"elementor-element elementor-element-e1f633e elementor-widget elementor-widget-image\" data-id=\"e1f633e\" data-element_type=\"widget\" data-widget_type=\"image.default\">\n\t\t\t\t<div class=\"elementor-widget-container\">\n\t\t\t\t\t\t\t\t\t\t\t\t\t<img fetchpriority=\"high\" decoding=\"async\" width=\"800\" height=\"450\" src=\"https:\/\/mazarom.ro\/wp-content\/uploads\/2024\/09\/Hochdruck-Wasserstrahl-Entgratanlagen-Waschanlage-heller-content.jpg\" class=\"attachment-large size-large wp-image-2063\" alt=\"\" srcset=\"https:\/\/mazarom.ro\/wp-content\/uploads\/2024\/09\/Hochdruck-Wasserstrahl-Entgratanlagen-Waschanlage-heller-content.jpg 800w, https:\/\/mazarom.ro\/wp-content\/uploads\/2024\/09\/Hochdruck-Wasserstrahl-Entgratanlagen-Waschanlage-heller-content-300x169.jpg 300w, https:\/\/mazarom.ro\/wp-content\/uploads\/2024\/09\/Hochdruck-Wasserstrahl-Entgratanlagen-Waschanlage-heller-content-768x432.jpg 768w\" sizes=\"(max-width: 800px) 100vw, 800px\" \/>\t\t\t\t\t\t\t\t\t\t\t\t\t<\/div>\n\t\t\t\t<\/div>\n\t\t\t\t<\/div>\n\t\t\t\t\t<\/div>\n\t\t\t\t<\/div>\n\t\t<div data-particle_enable=\"false\" data-particle-mobile-disabled=\"false\" class=\"elementor-element elementor-element-49100b8 e-flex e-con-boxed e-con e-parent\" data-id=\"49100b8\" data-element_type=\"container\">\n\t\t\t\t\t<div class=\"e-con-inner\">\n\t\t<div data-particle_enable=\"false\" data-particle-mobile-disabled=\"false\" class=\"elementor-element elementor-element-3f07245 e-con-full e-flex e-con e-child\" data-id=\"3f07245\" data-element_type=\"container\">\n\t\t\t\t<div class=\"elementor-element elementor-element-b441ef1 elementor-align-left elementor-widget elementor-widget-button\" data-id=\"b441ef1\" data-element_type=\"widget\" data-widget_type=\"button.default\">\n\t\t\t\t<div class=\"elementor-widget-container\">\n\t\t\t\t\t<div class=\"elementor-button-wrapper\">\n\t\t\t<a class=\"elementor-button elementor-button-link elementor-size-sm\" href=\"https:\/\/mazarom.ro\/wp-content\/uploads\/2024\/10\/Jet-de-apa-FLEXJET-HD_E.pdf\" target=\"_blank\">\n\t\t\t\t\t\t<span class=\"elementor-button-content-wrapper\">\n\t\t\t\t\t\t\t\t\t<span class=\"elementor-button-text\">Descarc\u0103 catalog<\/span>\n\t\t\t\t\t<\/span>\n\t\t\t\t\t<\/a>\n\t\t<\/div>\n\t\t\t\t<\/div>\n\t\t\t\t<\/div>\n\t\t\t\t<\/div>\n\t\t<div data-particle_enable=\"false\" data-particle-mobile-disabled=\"false\" class=\"elementor-element elementor-element-5279a54 e-con-full e-flex e-con e-child\" data-id=\"5279a54\" data-element_type=\"container\">\n\t\t\t\t<div class=\"elementor-element elementor-element-18b3b51 elementor-align-left elementor-widget elementor-widget-button\" data-id=\"18b3b51\" data-element_type=\"widget\" data-widget_type=\"button.default\">\n\t\t\t\t<div class=\"elementor-widget-container\">\n\t\t\t\t\t<div class=\"elementor-button-wrapper\">\n\t\t\t<a class=\"elementor-button elementor-button-link elementor-size-sm\" href=\"https:\/\/mazarom.ro\/cerere-oferta\/\">\n\t\t\t\t\t\t<span class=\"elementor-button-content-wrapper\">\n\t\t\t\t\t\t\t\t\t<span class=\"elementor-button-text\">Solicit\u0103 o ofert\u0103<\/span>\n\t\t\t\t\t<\/span>\n\t\t\t\t\t<\/a>\n\t\t<\/div>\n\t\t\t\t<\/div>\n\t\t\t\t<\/div>\n\t\t\t\t<\/div>\n\t\t\t\t\t<\/div>\n\t\t\t\t<\/div>\n\t\t<div data-particle_enable=\"false\" data-particle-mobile-disabled=\"false\" class=\"elementor-element elementor-element-1a729db e-flex e-con-boxed e-con e-parent\" data-id=\"1a729db\" data-element_type=\"container\">\n\t\t\t\t\t<div class=\"e-con-inner\">\n\t\t\t\t<div class=\"elementor-element elementor-element-f3b9acf elementor-widget elementor-widget-image\" data-id=\"f3b9acf\" data-element_type=\"widget\" data-widget_type=\"image.default\">\n\t\t\t\t<div class=\"elementor-widget-container\">\n\t\t\t\t\t\t\t\t\t\t\t\t\t<img decoding=\"async\" src=\"https:\/\/mazarom.ro\/wp-content\/uploads\/2024\/10\/separator1.webp\" title=\"\" alt=\"\" loading=\"lazy\" \/>\t\t\t\t\t\t\t\t\t\t\t\t\t<\/div>\n\t\t\t\t<\/div>\n\t\t\t\t\t<\/div>\n\t\t\t\t<\/div>\n\t\t\t\t<\/div>\n\t\t","protected":false},"excerpt":{"rendered":"<p>SISTEM DE DEBAVURARE CU JET DE AP\u0102 Prelucrarea cu jet de ap\u0103 de \u00eenalt\u0103 presiune permite debavurarea dup\u0103 prelucrare, precum \u0219i \u00eendep\u0103rtarea u\u0219oar\u0103 a oric\u0103ror a\u0219chii reziduale sau pentru cur\u0103\u021barea ultra-fin\u0103 a suprafe\u021belor. Jetul de ap\u0103 generat de unitatea de \u00eenalt\u0103 presiune poate fi utilizat pentru debavurare sau cur\u0103\u021bare datorit\u0103 sistemelor de duze personalizate. Energia [&hellip;]<\/p>\n","protected":false},"author":3,"featured_media":0,"parent":1837,"menu_order":0,"comment_status":"closed","ping_status":"closed","template":"","meta":{"iawp_total_views":13,"footnotes":""},"class_list":["post-2054","page","type-page","status-publish","hentry"],"yoast_head":"<!-- This site is optimized with the Yoast SEO plugin v27.0 - https:\/\/yoast.com\/product\/yoast-seo-wordpress\/ -->\n<title>MAZAROM<\/title>\n<meta name=\"description\" content=\"MAZAROM IMPEX SRL - Servicii \u00een domeniul ma\u0219inilor unelte CNC. Reprezentant Yamazaki Mazak. Alegere de ma\u0219ini, studii de timp, instalare,instruire, service.\" \/>\n<meta name=\"robots\" content=\"index, follow, max-snippet:-1, max-image-preview:large, max-video-preview:-1\" \/>\n<link rel=\"canonical\" href=\"https:\/\/mazarom.ro\/en\/parteneri-2\/karl-roll-prezentare\/karl-roll-sistem-debavurare-cu-jet-de-apa\/\" \/>\n<meta property=\"og:locale\" content=\"en_US\" \/>\n<meta property=\"og:type\" content=\"article\" \/>\n<meta property=\"og:title\" content=\"MAZAROM\" \/>\n<meta property=\"og:description\" content=\"MAZAROM IMPEX SRL - Servicii \u00een domeniul ma\u0219inilor unelte CNC. Reprezentant Yamazaki Mazak. Alegere de ma\u0219ini, studii de timp, instalare,instruire, service.\" \/>\n<meta property=\"og:url\" content=\"https:\/\/mazarom.ro\/en\/parteneri-2\/karl-roll-prezentare\/karl-roll-sistem-debavurare-cu-jet-de-apa\/\" \/>\n<meta property=\"og:site_name\" content=\"MAZAROM\" \/>\n<meta property=\"article:modified_time\" content=\"2025-05-09T10:51:31+00:00\" \/>\n<meta property=\"og:image\" content=\"https:\/\/mazarom.ro\/wp-content\/uploads\/2024\/10\/separator1.webp?_t=1746440515\" \/>\n<meta name=\"twitter:card\" content=\"summary_large_image\" \/>\n<meta name=\"twitter:label1\" content=\"Est. reading time\" \/>\n\t<meta name=\"twitter:data1\" content=\"2 minutes\" \/>\n<script type=\"application\/ld+json\" class=\"yoast-schema-graph\">{\"@context\":\"https:\/\/schema.org\",\"@graph\":[{\"@type\":\"WebPage\",\"@id\":\"https:\/\/mazarom.ro\/ro\/parteneri-2\/karl-roll-prezentare\/karl-roll-sistem-debavurare-cu-jet-de-apa\/\",\"url\":\"https:\/\/mazarom.ro\/ro\/parteneri-2\/karl-roll-prezentare\/karl-roll-sistem-debavurare-cu-jet-de-apa\/\",\"name\":\"MAZAROM\",\"isPartOf\":{\"@id\":\"https:\/\/mazarom.ro\/ro\/#website\"},\"primaryImageOfPage\":{\"@id\":\"https:\/\/mazarom.ro\/ro\/parteneri-2\/karl-roll-prezentare\/karl-roll-sistem-debavurare-cu-jet-de-apa\/#primaryimage\"},\"image\":{\"@id\":\"https:\/\/mazarom.ro\/ro\/parteneri-2\/karl-roll-prezentare\/karl-roll-sistem-debavurare-cu-jet-de-apa\/#primaryimage\"},\"thumbnailUrl\":\"https:\/\/mazarom.ro\/wp-content\/uploads\/2024\/10\/separator1.webp?_t=1746440515\",\"datePublished\":\"2024-09-27T10:36:02+00:00\",\"dateModified\":\"2025-05-09T10:51:31+00:00\",\"description\":\"MAZAROM IMPEX SRL - Servicii \u00een domeniul ma\u0219inilor unelte CNC. Reprezentant Yamazaki Mazak. Alegere de ma\u0219ini, studii de timp, instalare,instruire, service.\",\"breadcrumb\":{\"@id\":\"https:\/\/mazarom.ro\/ro\/parteneri-2\/karl-roll-prezentare\/karl-roll-sistem-debavurare-cu-jet-de-apa\/#breadcrumb\"},\"inLanguage\":\"en-US\",\"potentialAction\":[{\"@type\":\"ReadAction\",\"target\":[\"https:\/\/mazarom.ro\/ro\/parteneri-2\/karl-roll-prezentare\/karl-roll-sistem-debavurare-cu-jet-de-apa\/\"]}]},{\"@type\":\"ImageObject\",\"inLanguage\":\"en-US\",\"@id\":\"https:\/\/mazarom.ro\/ro\/parteneri-2\/karl-roll-prezentare\/karl-roll-sistem-debavurare-cu-jet-de-apa\/#primaryimage\",\"url\":\"https:\/\/mazarom.ro\/wp-content\/uploads\/2024\/10\/separator1.webp?_t=1746440515\",\"contentUrl\":\"https:\/\/mazarom.ro\/wp-content\/uploads\/2024\/10\/separator1.webp?_t=1746440515\"},{\"@type\":\"BreadcrumbList\",\"@id\":\"https:\/\/mazarom.ro\/ro\/parteneri-2\/karl-roll-prezentare\/karl-roll-sistem-debavurare-cu-jet-de-apa\/#breadcrumb\",\"itemListElement\":[{\"@type\":\"ListItem\",\"position\":1,\"name\":\"ACAS\u0102\",\"item\":\"https:\/\/mazarom.ro\/\"},{\"@type\":\"ListItem\",\"position\":2,\"name\":\"PARTENERI\",\"item\":\"https:\/\/mazarom.ro\/en\/parteneri-2\/\"},{\"@type\":\"ListItem\",\"position\":3,\"name\":\"Prezentare KARL ROLL\",\"item\":\"https:\/\/mazarom.ro\/ro\/parteneri-2\/karl-roll-prezentare\/\"},{\"@type\":\"ListItem\",\"position\":4,\"name\":\"Sistem de Debavurare cu Jet de Ap\u0103\"}]},{\"@type\":\"WebSite\",\"@id\":\"https:\/\/mazarom.ro\/ro\/#website\",\"url\":\"https:\/\/mazarom.ro\/ro\/\",\"name\":\"MAZAROM\",\"description\":\"\",\"publisher\":{\"@id\":\"https:\/\/mazarom.ro\/ro\/#organization\"},\"potentialAction\":[{\"@type\":\"SearchAction\",\"target\":{\"@type\":\"EntryPoint\",\"urlTemplate\":\"https:\/\/mazarom.ro\/ro\/?s={search_term_string}\"},\"query-input\":{\"@type\":\"PropertyValueSpecification\",\"valueRequired\":true,\"valueName\":\"search_term_string\"}}],\"inLanguage\":\"en-US\"},{\"@type\":\"Organization\",\"@id\":\"https:\/\/mazarom.ro\/ro\/#organization\",\"name\":\"MAZAROM\",\"url\":\"https:\/\/mazarom.ro\/ro\/\",\"logo\":{\"@type\":\"ImageObject\",\"inLanguage\":\"en-US\",\"@id\":\"https:\/\/mazarom.ro\/ro\/#\/schema\/logo\/image\/\",\"url\":\"https:\/\/mazarom.ro\/wp-content\/uploads\/2024\/09\/logo.webp\",\"contentUrl\":\"https:\/\/mazarom.ro\/wp-content\/uploads\/2024\/09\/logo.webp\",\"width\":1024,\"height\":137,\"caption\":\"MAZAROM\"},\"image\":{\"@id\":\"https:\/\/mazarom.ro\/ro\/#\/schema\/logo\/image\/\"}}]}<\/script>\n<!-- \/ Yoast SEO plugin. -->","yoast_head_json":{"title":"MAZAROM","description":"MAZAROM IMPEX SRL - Services in the field of CNC machine tools. Yamazaki Mazak representative. Machine selection, time studies, installation,training, service.","robots":{"index":"index","follow":"follow","max-snippet":"max-snippet:-1","max-image-preview":"max-image-preview:large","max-video-preview":"max-video-preview:-1"},"canonical":"https:\/\/mazarom.ro\/en\/parteneri-2\/karl-roll-prezentare\/karl-roll-sistem-debavurare-cu-jet-de-apa\/","og_locale":"en_US","og_type":"article","og_title":"MAZAROM","og_description":"MAZAROM IMPEX SRL - Servicii \u00een domeniul ma\u0219inilor unelte CNC. Reprezentant Yamazaki Mazak. Alegere de ma\u0219ini, studii de timp, instalare,instruire, service.","og_url":"https:\/\/mazarom.ro\/en\/parteneri-2\/karl-roll-prezentare\/karl-roll-sistem-debavurare-cu-jet-de-apa\/","og_site_name":"MAZAROM","article_modified_time":"2025-05-09T10:51:31+00:00","og_image":[{"url":"https:\/\/mazarom.ro\/wp-content\/uploads\/2024\/10\/separator1.webp?_t=1746440515","type":"","width":"","height":""}],"twitter_card":"summary_large_image","twitter_misc":{"Est. reading time":"2 minutes"},"schema":{"@context":"https:\/\/schema.org","@graph":[{"@type":"WebPage","@id":"https:\/\/mazarom.ro\/ro\/parteneri-2\/karl-roll-prezentare\/karl-roll-sistem-debavurare-cu-jet-de-apa\/","url":"https:\/\/mazarom.ro\/ro\/parteneri-2\/karl-roll-prezentare\/karl-roll-sistem-debavurare-cu-jet-de-apa\/","name":"MAZAROM","isPartOf":{"@id":"https:\/\/mazarom.ro\/ro\/#website"},"primaryImageOfPage":{"@id":"https:\/\/mazarom.ro\/ro\/parteneri-2\/karl-roll-prezentare\/karl-roll-sistem-debavurare-cu-jet-de-apa\/#primaryimage"},"image":{"@id":"https:\/\/mazarom.ro\/ro\/parteneri-2\/karl-roll-prezentare\/karl-roll-sistem-debavurare-cu-jet-de-apa\/#primaryimage"},"thumbnailUrl":"https:\/\/mazarom.ro\/wp-content\/uploads\/2024\/10\/separator1.webp?_t=1746440515","datePublished":"2024-09-27T10:36:02+00:00","dateModified":"2025-05-09T10:51:31+00:00","description":"MAZAROM IMPEX SRL - Services in the field of CNC machine tools. Yamazaki Mazak representative. Machine selection, time studies, installation,training, service.","breadcrumb":{"@id":"https:\/\/mazarom.ro\/ro\/parteneri-2\/karl-roll-prezentare\/karl-roll-sistem-debavurare-cu-jet-de-apa\/#breadcrumb"},"inLanguage":"en-US","potentialAction":[{"@type":"ReadAction","target":["https:\/\/mazarom.ro\/ro\/parteneri-2\/karl-roll-prezentare\/karl-roll-sistem-debavurare-cu-jet-de-apa\/"]}]},{"@type":"ImageObject","inLanguage":"en-US","@id":"https:\/\/mazarom.ro\/ro\/parteneri-2\/karl-roll-prezentare\/karl-roll-sistem-debavurare-cu-jet-de-apa\/#primaryimage","url":"https:\/\/mazarom.ro\/wp-content\/uploads\/2024\/10\/separator1.webp?_t=1746440515","contentUrl":"https:\/\/mazarom.ro\/wp-content\/uploads\/2024\/10\/separator1.webp?_t=1746440515"},{"@type":"BreadcrumbList","@id":"https:\/\/mazarom.ro\/ro\/parteneri-2\/karl-roll-prezentare\/karl-roll-sistem-debavurare-cu-jet-de-apa\/#breadcrumb","itemListElement":[{"@type":"ListItem","position":1,"name":"ACAS\u0102","item":"https:\/\/mazarom.ro\/"},{"@type":"ListItem","position":2,"name":"PARTENERI","item":"https:\/\/mazarom.ro\/en\/parteneri-2\/"},{"@type":"ListItem","position":3,"name":"Prezentare KARL ROLL","item":"https:\/\/mazarom.ro\/ro\/parteneri-2\/karl-roll-prezentare\/"},{"@type":"ListItem","position":4,"name":"Sistem de Debavurare cu Jet de Ap\u0103"}]},{"@type":"WebSite","@id":"https:\/\/mazarom.ro\/ro\/#website","url":"https:\/\/mazarom.ro\/ro\/","name":"MAZAROM","description":"","publisher":{"@id":"https:\/\/mazarom.ro\/ro\/#organization"},"potentialAction":[{"@type":"SearchAction","target":{"@type":"EntryPoint","urlTemplate":"https:\/\/mazarom.ro\/ro\/?s={search_term_string}"},"query-input":{"@type":"PropertyValueSpecification","valueRequired":true,"valueName":"search_term_string"}}],"inLanguage":"en-US"},{"@type":"Organization","@id":"https:\/\/mazarom.ro\/ro\/#organization","name":"MAZAROM","url":"https:\/\/mazarom.ro\/ro\/","logo":{"@type":"ImageObject","inLanguage":"en-US","@id":"https:\/\/mazarom.ro\/ro\/#\/schema\/logo\/image\/","url":"https:\/\/mazarom.ro\/wp-content\/uploads\/2024\/09\/logo.webp","contentUrl":"https:\/\/mazarom.ro\/wp-content\/uploads\/2024\/09\/logo.webp","width":1024,"height":137,"caption":"MAZAROM"},"image":{"@id":"https:\/\/mazarom.ro\/ro\/#\/schema\/logo\/image\/"}}]}},"_links":{"self":[{"href":"https:\/\/mazarom.ro\/en\/wp-json\/wp\/v2\/pages\/2054","targetHints":{"allow":["GET"]}}],"collection":[{"href":"https:\/\/mazarom.ro\/en\/wp-json\/wp\/v2\/pages"}],"about":[{"href":"https:\/\/mazarom.ro\/en\/wp-json\/wp\/v2\/types\/page"}],"author":[{"embeddable":true,"href":"https:\/\/mazarom.ro\/en\/wp-json\/wp\/v2\/users\/3"}],"replies":[{"embeddable":true,"href":"https:\/\/mazarom.ro\/en\/wp-json\/wp\/v2\/comments?post=2054"}],"version-history":[{"count":44,"href":"https:\/\/mazarom.ro\/en\/wp-json\/wp\/v2\/pages\/2054\/revisions"}],"predecessor-version":[{"id":9778,"href":"https:\/\/mazarom.ro\/en\/wp-json\/wp\/v2\/pages\/2054\/revisions\/9778"}],"up":[{"embeddable":true,"href":"https:\/\/mazarom.ro\/en\/wp-json\/wp\/v2\/pages\/1837"}],"wp:attachment":[{"href":"https:\/\/mazarom.ro\/en\/wp-json\/wp\/v2\/media?parent=2054"}],"curies":[{"name":"wp","href":"https:\/\/api.w.org\/{rel}","templated":true}]}}