{"id":3604,"date":"2024-10-08T13:33:14","date_gmt":"2024-10-08T13:33:14","guid":{"rendered":"https:\/\/mazarom.ro\/?page_id=3604"},"modified":"2025-05-05T08:10:22","modified_gmt":"2025-05-05T06:10:22","slug":"nanojet","status":"publish","type":"page","link":"https:\/\/mazarom.ro\/en\/nanojet\/","title":{"rendered":"NanoJet"},"content":{"rendered":"\t\t<div data-elementor-type=\"wp-page\" data-elementor-id=\"3604\" class=\"elementor elementor-3604\" data-elementor-post-type=\"page\">\n\t\t\t\t<div data-particle_enable=\"false\" data-particle-mobile-disabled=\"false\" class=\"elementor-element elementor-element-dcbf24a e-flex e-con-boxed e-con e-parent\" data-id=\"dcbf24a\" data-element_type=\"container\">\n\t\t\t\t\t<div class=\"e-con-inner\">\n\t\t<div data-particle_enable=\"false\" data-particle-mobile-disabled=\"false\" class=\"elementor-element elementor-element-7866872 e-con-full e-flex e-con e-child\" data-id=\"7866872\" data-element_type=\"container\">\n\t\t\t\t<div class=\"elementor-element elementor-element-4103051 elementor-view-default elementor-widget elementor-widget-icon\" data-id=\"4103051\" data-element_type=\"widget\" data-widget_type=\"icon.default\">\n\t\t\t\t<div class=\"elementor-widget-container\">\n\t\t\t\t\t<div class=\"elementor-icon-wrapper\">\n\t\t\t<a class=\"elementor-icon\" href=\"https:\/\/mazarom.ro\/parteneri\/echojet\/\">\n\t\t\t<svg aria-hidden=\"true\" class=\"e-font-icon-svg e-fas-long-arrow-alt-left\" viewBox=\"0 0 448 512\" xmlns=\"http:\/\/www.w3.org\/2000\/svg\"><path d=\"M134.059 296H436c6.627 0 12-5.373 12-12v-56c0-6.627-5.373-12-12-12H134.059v-46.059c0-21.382-25.851-32.09-40.971-16.971L7.029 239.029c-9.373 9.373-9.373 24.569 0 33.941l86.059 86.059c15.119 15.119 40.971 4.411 40.971-16.971V296z\"><\/path><\/svg>\t\t\t<\/a>\n\t\t<\/div>\n\t\t\t\t<\/div>\n\t\t\t\t<\/div>\n\t\t\t\t<\/div>\n\t\t<div data-particle_enable=\"false\" data-particle-mobile-disabled=\"false\" class=\"elementor-element elementor-element-3802a96 e-con-full e-flex e-con e-child\" data-id=\"3802a96\" data-element_type=\"container\">\n\t\t\t\t<div class=\"elementor-element elementor-element-6a80adf animated-slow elementor-widget elementor-widget-heading\" data-id=\"6a80adf\" data-element_type=\"widget\" data-settings=\"{&quot;_animation&quot;:&quot;none&quot;}\" data-widget_type=\"heading.default\">\n\t\t\t\t<div class=\"elementor-widget-container\">\n\t\t\t<style>\/*! elementor - v3.21.0 - 20-05-2024 *\/\n.elementor-heading-title{padding:0;margin:0;line-height:1}.elementor-widget-heading .elementor-heading-title[class*=elementor-size-]>a{color:inherit;font-size:inherit;line-height:inherit}.elementor-widget-heading .elementor-heading-title.elementor-size-small{font-size:15px}.elementor-widget-heading .elementor-heading-title.elementor-size-medium{font-size:19px}.elementor-widget-heading .elementor-heading-title.elementor-size-large{font-size:29px}.elementor-widget-heading .elementor-heading-title.elementor-size-xl{font-size:39px}.elementor-widget-heading .elementor-heading-title.elementor-size-xxl{font-size:59px}<\/style><h1 class=\"elementor-heading-title elementor-size-default\">NanoJet<\/h1>\t\t<\/div>\n\t\t\t\t<\/div>\n\t\t\t\t<\/div>\n\t\t<div data-particle_enable=\"false\" data-particle-mobile-disabled=\"false\" class=\"elementor-element elementor-element-752cfa8 e-con-full e-flex e-con e-child\" data-id=\"752cfa8\" data-element_type=\"container\">\n\t\t\t\t<div class=\"elementor-element elementor-element-2e140cf elementor-view-default elementor-widget elementor-widget-icon\" data-id=\"2e140cf\" data-element_type=\"widget\" data-widget_type=\"icon.default\">\n\t\t\t\t<div class=\"elementor-widget-container\">\n\t\t\t\t\t<div class=\"elementor-icon-wrapper\">\n\t\t\t<div class=\"elementor-icon\">\n\t\t\t<svg aria-hidden=\"true\" class=\"e-font-icon-svg e-fas-long-arrow-alt-right\" viewBox=\"0 0 448 512\" xmlns=\"http:\/\/www.w3.org\/2000\/svg\"><path d=\"M313.941 216H12c-6.627 0-12 5.373-12 12v56c0 6.627 5.373 12 12 12h301.941v46.059c0 21.382 25.851 32.09 40.971 16.971l86.059-86.059c9.373-9.373 9.373-24.569 0-33.941l-86.059-86.059c-15.119-15.119-40.971-4.411-40.971 16.971V216z\"><\/path><\/svg>\t\t\t<\/div>\n\t\t<\/div>\n\t\t\t\t<\/div>\n\t\t\t\t<\/div>\n\t\t\t\t<\/div>\n\t\t\t\t\t<\/div>\n\t\t\t\t<\/div>\n\t\t<div data-particle_enable=\"false\" data-particle-mobile-disabled=\"false\" class=\"elementor-element elementor-element-e8ed63a e-flex e-con-boxed e-con e-parent\" data-id=\"e8ed63a\" data-element_type=\"container\" data-settings=\"{&quot;background_background&quot;:&quot;classic&quot;}\">\n\t\t\t\t\t<div class=\"e-con-inner\">\n\t\t\t\t<div class=\"elementor-element elementor-element-5aa73d9 elementor-widget elementor-widget-image\" data-id=\"5aa73d9\" data-element_type=\"widget\" data-widget_type=\"image.default\">\n\t\t\t\t<div class=\"elementor-widget-container\">\n\t\t\t<style>\/*! elementor - v3.21.0 - 20-05-2024 *\/\n.elementor-widget-image{text-align:center}.elementor-widget-image a{display:inline-block}.elementor-widget-image a img[src$=\".svg\"]{width:48px}.elementor-widget-image img{vertical-align:middle;display:inline-block}<\/style>\t\t\t\t\t\t\t\t\t\t<img decoding=\"async\" width=\"2048\" height=\"15\" src=\"https:\/\/mazarom.ro\/wp-content\/uploads\/2024\/10\/separator1.webp\" class=\"attachment-full size-full wp-image-4638\" alt=\"\" srcset=\"https:\/\/mazarom.ro\/wp-content\/uploads\/2024\/10\/separator1.webp 2048w, https:\/\/mazarom.ro\/wp-content\/uploads\/2024\/10\/separator1-300x2.webp 300w, https:\/\/mazarom.ro\/wp-content\/uploads\/2024\/10\/separator1-1024x8.webp 1024w, https:\/\/mazarom.ro\/wp-content\/uploads\/2024\/10\/separator1-768x6.webp 768w, https:\/\/mazarom.ro\/wp-content\/uploads\/2024\/10\/separator1-1536x11.webp 1536w, https:\/\/mazarom.ro\/wp-content\/uploads\/2024\/10\/separator1-18x1.webp 18w\" sizes=\"(max-width: 2048px) 100vw, 2048px\" \/>\t\t\t\t\t\t\t\t\t\t\t\t\t<\/div>\n\t\t\t\t<\/div>\n\t\t\t\t\t<\/div>\n\t\t\t\t<\/div>\n\t\t<div data-particle_enable=\"false\" data-particle-mobile-disabled=\"false\" class=\"elementor-element elementor-element-b750ba2 e-flex e-con-boxed e-con e-parent\" data-id=\"b750ba2\" data-element_type=\"container\">\n\t\t\t\t\t<div class=\"e-con-inner\">\n\t\t<div data-particle_enable=\"false\" data-particle-mobile-disabled=\"false\" class=\"elementor-element elementor-element-4a90147 e-con-full e-flex e-con e-child\" data-id=\"4a90147\" data-element_type=\"container\">\n\t\t\t\t<div class=\"elementor-element elementor-element-c86def8 blurry elementor-widget elementor-widget-text-editor\" data-id=\"c86def8\" data-element_type=\"widget\" data-widget_type=\"text-editor.default\">\n\t\t\t\t<div class=\"elementor-widget-container\">\n\t\t\t<style>\/*! elementor - v3.21.0 - 20-05-2024 *\/\n.elementor-widget-text-editor.elementor-drop-cap-view-stacked .elementor-drop-cap{background-color:#69727d;color:#fff}.elementor-widget-text-editor.elementor-drop-cap-view-framed .elementor-drop-cap{color:#69727d;border:3px solid;background-color:transparent}.elementor-widget-text-editor:not(.elementor-drop-cap-view-default) .elementor-drop-cap{margin-top:8px}.elementor-widget-text-editor:not(.elementor-drop-cap-view-default) .elementor-drop-cap-letter{width:1em;height:1em}.elementor-widget-text-editor .elementor-drop-cap{float:left;text-align:center;line-height:1;font-size:50px}.elementor-widget-text-editor .elementor-drop-cap-letter{display:inline-block}<\/style>\t\t\t\t<p>NanoJet este un centru de prelucrare cu jet de ap\u0103 de format mic, de \u00eenalt\u0103 precizie.<\/p><p>Revolu\u021bionar \u00een design, NanoJet este o solu\u021bie complet \u00eenchis\u0103, all-in-one, care ofer\u0103 o t\u0103iere precis\u0103, curat\u0103 \u0219i silen\u021bioas\u0103.<\/p>\t\t\t\t\t\t<\/div>\n\t\t\t\t<\/div>\n\t\t\t\t<\/div>\n\t\t<div data-particle_enable=\"false\" data-particle-mobile-disabled=\"false\" class=\"elementor-element elementor-element-d157a5e e-con-full e-flex e-con e-child\" data-id=\"d157a5e\" data-element_type=\"container\">\n\t\t\t\t<div class=\"elementor-element elementor-element-bf6ef9c elementor-widget elementor-widget-image\" data-id=\"bf6ef9c\" data-element_type=\"widget\" data-widget_type=\"image.default\">\n\t\t\t\t<div class=\"elementor-widget-container\">\n\t\t\t\t\t\t\t\t\t\t\t\t\t\t<a href=\"https:\/\/www.flowwaterjet.com\/waterjet-products\/nanojet\" target=\"_blank\">\n\t\t\t\t\t\t\t<img decoding=\"async\" src=\"https:\/\/mazarom.ro\/wp-content\/uploads\/elementor\/thumbs\/nanojet-groundbreaking-design-qv9bs5t344i8z9bcxw8nxvehndkeniig2tgwyzec5c.png\" title=\"nanojet-groundbreaking-design\" alt=\"nanojet-groundbreaking-design\" class=\"elementor-animation-grow\" loading=\"lazy\" \/>\t\t\t\t\t\t\t\t<\/a>\n\t\t\t\t\t\t\t\t\t\t\t\t\t<\/div>\n\t\t\t\t<\/div>\n\t\t\t\t<\/div>\n\t\t\t\t\t<\/div>\n\t\t\t\t<\/div>\n\t\t<div data-particle_enable=\"false\" data-particle-mobile-disabled=\"false\" class=\"elementor-element elementor-element-360eb70 e-flex e-con-boxed e-con e-parent\" data-id=\"360eb70\" data-element_type=\"container\">\n\t\t\t\t\t<div class=\"e-con-inner\">\n\t\t<div data-particle_enable=\"false\" data-particle-mobile-disabled=\"false\" class=\"elementor-element elementor-element-3dd3c8f e-con-full e-flex e-con e-child\" data-id=\"3dd3c8f\" data-element_type=\"container\">\n\t\t\t\t<div class=\"elementor-element elementor-element-8e85232 elementor-align-left elementor-widget elementor-widget-button\" data-id=\"8e85232\" data-element_type=\"widget\" data-widget_type=\"button.default\">\n\t\t\t\t<div class=\"elementor-widget-container\">\n\t\t\t\t\t<div class=\"elementor-button-wrapper\">\n\t\t\t<a class=\"elementor-button elementor-button-link elementor-size-sm\" href=\"https:\/\/mazarom.ro\/cerere-oferta\/\">\n\t\t\t\t\t\t<span class=\"elementor-button-content-wrapper\">\n\t\t\t\t\t\t\t\t\t<span class=\"elementor-button-text\">Solicit\u0103 o ofert\u0103<\/span>\n\t\t\t\t\t<\/span>\n\t\t\t\t\t<\/a>\n\t\t<\/div>\n\t\t\t\t<\/div>\n\t\t\t\t<\/div>\n\t\t\t\t<\/div>\n\t\t\t\t\t<\/div>\n\t\t\t\t<\/div>\n\t\t<div data-particle_enable=\"false\" data-particle-mobile-disabled=\"false\" class=\"elementor-element elementor-element-d4fb4ca e-flex e-con-boxed e-con e-parent\" data-id=\"d4fb4ca\" data-element_type=\"container\" data-settings=\"{&quot;background_background&quot;:&quot;classic&quot;}\">\n\t\t\t\t\t<div class=\"e-con-inner\">\n\t\t\t\t<div class=\"elementor-element elementor-element-0bb5c9e elementor-widget elementor-widget-image\" data-id=\"0bb5c9e\" data-element_type=\"widget\" data-widget_type=\"image.default\">\n\t\t\t\t<div class=\"elementor-widget-container\">\n\t\t\t\t\t\t\t\t\t\t\t\t\t<img decoding=\"async\" width=\"2048\" height=\"15\" src=\"https:\/\/mazarom.ro\/wp-content\/uploads\/2024\/10\/separator1.webp\" class=\"attachment-full size-full wp-image-4638\" alt=\"\" srcset=\"https:\/\/mazarom.ro\/wp-content\/uploads\/2024\/10\/separator1.webp 2048w, https:\/\/mazarom.ro\/wp-content\/uploads\/2024\/10\/separator1-300x2.webp 300w, https:\/\/mazarom.ro\/wp-content\/uploads\/2024\/10\/separator1-1024x8.webp 1024w, https:\/\/mazarom.ro\/wp-content\/uploads\/2024\/10\/separator1-768x6.webp 768w, https:\/\/mazarom.ro\/wp-content\/uploads\/2024\/10\/separator1-1536x11.webp 1536w, https:\/\/mazarom.ro\/wp-content\/uploads\/2024\/10\/separator1-18x1.webp 18w\" sizes=\"(max-width: 2048px) 100vw, 2048px\" \/>\t\t\t\t\t\t\t\t\t\t\t\t\t<\/div>\n\t\t\t\t<\/div>\n\t\t\t\t\t<\/div>\n\t\t\t\t<\/div>\n\t\t\t\t<\/div>\n\t\t","protected":false},"excerpt":{"rendered":"<p>NanoJet NanoJet is a small-format, high-precision waterjet machining center. Revolutionary in design, the NanoJet is a completely enclosed, all-in-one solution that delivers precise, clean and quiet cutting. Request a quote<\/p>","protected":false},"author":3,"featured_media":0,"parent":0,"menu_order":0,"comment_status":"closed","ping_status":"closed","template":"","meta":{"iawp_total_views":10,"footnotes":""},"class_list":["post-3604","page","type-page","status-publish","hentry"],"yoast_head":"<!-- This site is optimized with the Yoast SEO plugin v27.0 - https:\/\/yoast.com\/product\/yoast-seo-wordpress\/ -->\n<title>MAZAROM<\/title>\n<meta name=\"description\" content=\"MAZAROM IMPEX SRL - Servicii \u00een domeniul ma\u0219inilor unelte CNC. Reprezentant Yamazaki Mazak. Alegere de ma\u0219ini, studii de timp, instalare,instruire, service.\" \/>\n<meta name=\"robots\" content=\"index, follow, max-snippet:-1, max-image-preview:large, max-video-preview:-1\" \/>\n<link rel=\"canonical\" href=\"https:\/\/mazarom.ro\/en\/nanojet\/\" \/>\n<meta property=\"og:locale\" content=\"en_US\" \/>\n<meta property=\"og:type\" content=\"article\" \/>\n<meta property=\"og:title\" content=\"MAZAROM\" \/>\n<meta property=\"og:description\" content=\"MAZAROM IMPEX SRL - Servicii \u00een domeniul ma\u0219inilor unelte CNC. Reprezentant Yamazaki Mazak. Alegere de ma\u0219ini, studii de timp, instalare,instruire, service.\" \/>\n<meta property=\"og:url\" content=\"https:\/\/mazarom.ro\/en\/nanojet\/\" \/>\n<meta property=\"og:site_name\" content=\"MAZAROM\" \/>\n<meta property=\"article:modified_time\" content=\"2025-05-05T06:10:22+00:00\" \/>\n<meta property=\"og:image\" content=\"https:\/\/mazarom.ro\/wp-content\/uploads\/2024\/10\/separator1.webp?_t=1746425422\" \/>\n<meta name=\"twitter:card\" content=\"summary_large_image\" \/>\n<meta name=\"twitter:label1\" content=\"Est. reading time\" \/>\n\t<meta name=\"twitter:data1\" content=\"1 minute\" \/>\n<script type=\"application\/ld+json\" class=\"yoast-schema-graph\">{\"@context\":\"https:\/\/schema.org\",\"@graph\":[{\"@type\":\"WebPage\",\"@id\":\"https:\/\/mazarom.ro\/en\/nanojet\/\",\"url\":\"https:\/\/mazarom.ro\/en\/nanojet\/\",\"name\":\"MAZAROM\",\"isPartOf\":{\"@id\":\"https:\/\/mazarom.ro\/ro\/#website\"},\"primaryImageOfPage\":{\"@id\":\"https:\/\/mazarom.ro\/en\/nanojet\/#primaryimage\"},\"image\":{\"@id\":\"https:\/\/mazarom.ro\/en\/nanojet\/#primaryimage\"},\"thumbnailUrl\":\"https:\/\/mazarom.ro\/wp-content\/uploads\/2024\/10\/separator1.webp?_t=1746425422\",\"datePublished\":\"2024-10-08T13:33:14+00:00\",\"dateModified\":\"2025-05-05T06:10:22+00:00\",\"description\":\"MAZAROM IMPEX SRL - Servicii \u00een domeniul ma\u0219inilor unelte CNC. Reprezentant Yamazaki Mazak. Alegere de ma\u0219ini, studii de timp, instalare,instruire, service.\",\"breadcrumb\":{\"@id\":\"https:\/\/mazarom.ro\/en\/nanojet\/#breadcrumb\"},\"inLanguage\":\"en-US\",\"potentialAction\":[{\"@type\":\"ReadAction\",\"target\":[\"https:\/\/mazarom.ro\/en\/nanojet\/\"]}]},{\"@type\":\"ImageObject\",\"inLanguage\":\"en-US\",\"@id\":\"https:\/\/mazarom.ro\/en\/nanojet\/#primaryimage\",\"url\":\"https:\/\/mazarom.ro\/wp-content\/uploads\/2024\/10\/separator1.webp?_t=1746425422\",\"contentUrl\":\"https:\/\/mazarom.ro\/wp-content\/uploads\/2024\/10\/separator1.webp?_t=1746425422\"},{\"@type\":\"BreadcrumbList\",\"@id\":\"https:\/\/mazarom.ro\/en\/nanojet\/#breadcrumb\",\"itemListElement\":[{\"@type\":\"ListItem\",\"position\":1,\"name\":\"ACAS\u0102\",\"item\":\"https:\/\/mazarom.ro\/\"},{\"@type\":\"ListItem\",\"position\":2,\"name\":\"NanoJet\"}]},{\"@type\":\"WebSite\",\"@id\":\"https:\/\/mazarom.ro\/ro\/#website\",\"url\":\"https:\/\/mazarom.ro\/ro\/\",\"name\":\"MAZAROM\",\"description\":\"\",\"publisher\":{\"@id\":\"https:\/\/mazarom.ro\/ro\/#organization\"},\"potentialAction\":[{\"@type\":\"SearchAction\",\"target\":{\"@type\":\"EntryPoint\",\"urlTemplate\":\"https:\/\/mazarom.ro\/ro\/?s={search_term_string}\"},\"query-input\":{\"@type\":\"PropertyValueSpecification\",\"valueRequired\":true,\"valueName\":\"search_term_string\"}}],\"inLanguage\":\"en-US\"},{\"@type\":\"Organization\",\"@id\":\"https:\/\/mazarom.ro\/ro\/#organization\",\"name\":\"MAZAROM\",\"url\":\"https:\/\/mazarom.ro\/ro\/\",\"logo\":{\"@type\":\"ImageObject\",\"inLanguage\":\"en-US\",\"@id\":\"https:\/\/mazarom.ro\/ro\/#\/schema\/logo\/image\/\",\"url\":\"https:\/\/mazarom.ro\/wp-content\/uploads\/2024\/09\/logo.webp\",\"contentUrl\":\"https:\/\/mazarom.ro\/wp-content\/uploads\/2024\/09\/logo.webp\",\"width\":1024,\"height\":137,\"caption\":\"MAZAROM\"},\"image\":{\"@id\":\"https:\/\/mazarom.ro\/ro\/#\/schema\/logo\/image\/\"}}]}<\/script>\n<!-- \/ Yoast SEO plugin. -->","yoast_head_json":{"title":"MAZAROM","description":"MAZAROM IMPEX SRL - Services in the field of CNC machine tools. Yamazaki Mazak representative. Machine selection, time studies, installation,training, service.","robots":{"index":"index","follow":"follow","max-snippet":"max-snippet:-1","max-image-preview":"max-image-preview:large","max-video-preview":"max-video-preview:-1"},"canonical":"https:\/\/mazarom.ro\/en\/nanojet\/","og_locale":"en_US","og_type":"article","og_title":"MAZAROM","og_description":"MAZAROM IMPEX SRL - Servicii \u00een domeniul ma\u0219inilor unelte CNC. Reprezentant Yamazaki Mazak. Alegere de ma\u0219ini, studii de timp, instalare,instruire, service.","og_url":"https:\/\/mazarom.ro\/en\/nanojet\/","og_site_name":"MAZAROM","article_modified_time":"2025-05-05T06:10:22+00:00","og_image":[{"url":"https:\/\/mazarom.ro\/wp-content\/uploads\/2024\/10\/separator1.webp?_t=1746425422","type":"","width":"","height":""}],"twitter_card":"summary_large_image","twitter_misc":{"Est. reading time":"1 minute"},"schema":{"@context":"https:\/\/schema.org","@graph":[{"@type":"WebPage","@id":"https:\/\/mazarom.ro\/en\/nanojet\/","url":"https:\/\/mazarom.ro\/en\/nanojet\/","name":"MAZAROM","isPartOf":{"@id":"https:\/\/mazarom.ro\/ro\/#website"},"primaryImageOfPage":{"@id":"https:\/\/mazarom.ro\/en\/nanojet\/#primaryimage"},"image":{"@id":"https:\/\/mazarom.ro\/en\/nanojet\/#primaryimage"},"thumbnailUrl":"https:\/\/mazarom.ro\/wp-content\/uploads\/2024\/10\/separator1.webp?_t=1746425422","datePublished":"2024-10-08T13:33:14+00:00","dateModified":"2025-05-05T06:10:22+00:00","description":"MAZAROM IMPEX SRL - Services in the field of CNC machine tools. Yamazaki Mazak representative. Machine selection, time studies, installation,training, service.","breadcrumb":{"@id":"https:\/\/mazarom.ro\/en\/nanojet\/#breadcrumb"},"inLanguage":"en-US","potentialAction":[{"@type":"ReadAction","target":["https:\/\/mazarom.ro\/en\/nanojet\/"]}]},{"@type":"ImageObject","inLanguage":"en-US","@id":"https:\/\/mazarom.ro\/en\/nanojet\/#primaryimage","url":"https:\/\/mazarom.ro\/wp-content\/uploads\/2024\/10\/separator1.webp?_t=1746425422","contentUrl":"https:\/\/mazarom.ro\/wp-content\/uploads\/2024\/10\/separator1.webp?_t=1746425422"},{"@type":"BreadcrumbList","@id":"https:\/\/mazarom.ro\/en\/nanojet\/#breadcrumb","itemListElement":[{"@type":"ListItem","position":1,"name":"ACAS\u0102","item":"https:\/\/mazarom.ro\/"},{"@type":"ListItem","position":2,"name":"NanoJet"}]},{"@type":"WebSite","@id":"https:\/\/mazarom.ro\/ro\/#website","url":"https:\/\/mazarom.ro\/ro\/","name":"MAZAROM","description":"","publisher":{"@id":"https:\/\/mazarom.ro\/ro\/#organization"},"potentialAction":[{"@type":"SearchAction","target":{"@type":"EntryPoint","urlTemplate":"https:\/\/mazarom.ro\/ro\/?s={search_term_string}"},"query-input":{"@type":"PropertyValueSpecification","valueRequired":true,"valueName":"search_term_string"}}],"inLanguage":"en-US"},{"@type":"Organization","@id":"https:\/\/mazarom.ro\/ro\/#organization","name":"MAZAROM","url":"https:\/\/mazarom.ro\/ro\/","logo":{"@type":"ImageObject","inLanguage":"en-US","@id":"https:\/\/mazarom.ro\/ro\/#\/schema\/logo\/image\/","url":"https:\/\/mazarom.ro\/wp-content\/uploads\/2024\/09\/logo.webp","contentUrl":"https:\/\/mazarom.ro\/wp-content\/uploads\/2024\/09\/logo.webp","width":1024,"height":137,"caption":"MAZAROM"},"image":{"@id":"https:\/\/mazarom.ro\/ro\/#\/schema\/logo\/image\/"}}]}},"_links":{"self":[{"href":"https:\/\/mazarom.ro\/en\/wp-json\/wp\/v2\/pages\/3604","targetHints":{"allow":["GET"]}}],"collection":[{"href":"https:\/\/mazarom.ro\/en\/wp-json\/wp\/v2\/pages"}],"about":[{"href":"https:\/\/mazarom.ro\/en\/wp-json\/wp\/v2\/types\/page"}],"author":[{"embeddable":true,"href":"https:\/\/mazarom.ro\/en\/wp-json\/wp\/v2\/users\/3"}],"replies":[{"embeddable":true,"href":"https:\/\/mazarom.ro\/en\/wp-json\/wp\/v2\/comments?post=3604"}],"version-history":[{"count":28,"href":"https:\/\/mazarom.ro\/en\/wp-json\/wp\/v2\/pages\/3604\/revisions"}],"predecessor-version":[{"id":9709,"href":"https:\/\/mazarom.ro\/en\/wp-json\/wp\/v2\/pages\/3604\/revisions\/9709"}],"wp:attachment":[{"href":"https:\/\/mazarom.ro\/en\/wp-json\/wp\/v2\/media?parent=3604"}],"curies":[{"name":"wp","href":"https:\/\/api.w.org\/{rel}","templated":true}]}}