{"id":2040,"date":"2024-09-27T10:20:42","date_gmt":"2024-09-27T10:20:42","guid":{"rendered":"https:\/\/mazarom.ro\/?page_id=2040"},"modified":"2025-05-09T12:51:47","modified_gmt":"2025-05-09T10:51:47","slug":"karl-roll-sisteme-curatare-combinate","status":"publish","type":"page","link":"https:\/\/mazarom.ro\/ro\/parteneri-2\/karl-roll-prezentare\/karl-roll-sisteme-curatare-combinate\/","title":{"rendered":"Sisteme de Cur\u0103\u021bare Combinate"},"content":{"rendered":"\t\t<div data-elementor-type=\"wp-page\" data-elementor-id=\"2040\" class=\"elementor elementor-2040\" data-elementor-post-type=\"page\">\n\t\t\t\t<div data-particle_enable=\"false\" data-particle-mobile-disabled=\"false\" class=\"elementor-element elementor-element-1ad85dc e-flex e-con-boxed e-con e-parent\" data-id=\"1ad85dc\" data-element_type=\"container\">\n\t\t\t\t\t<div class=\"e-con-inner\">\n\t\t<div data-particle_enable=\"false\" data-particle-mobile-disabled=\"false\" class=\"elementor-element elementor-element-3981b85 e-con-full e-flex e-con e-child\" data-id=\"3981b85\" data-element_type=\"container\">\n\t\t\t\t<div class=\"elementor-element elementor-element-e58ac18 elementor-view-default elementor-widget elementor-widget-icon\" data-id=\"e58ac18\" data-element_type=\"widget\" data-widget_type=\"icon.default\">\n\t\t\t\t<div class=\"elementor-widget-container\">\n\t\t\t\t\t<div class=\"elementor-icon-wrapper\">\n\t\t\t<a class=\"elementor-icon\" href=\"https:\/\/mazarom.ro\/parteneri\/karl-roll-sisteme-curatare-cu-solventi\/\">\n\t\t\t<svg aria-hidden=\"true\" class=\"e-font-icon-svg e-fas-long-arrow-alt-left\" viewBox=\"0 0 448 512\" xmlns=\"http:\/\/www.w3.org\/2000\/svg\"><path d=\"M134.059 296H436c6.627 0 12-5.373 12-12v-56c0-6.627-5.373-12-12-12H134.059v-46.059c0-21.382-25.851-32.09-40.971-16.971L7.029 239.029c-9.373 9.373-9.373 24.569 0 33.941l86.059 86.059c15.119 15.119 40.971 4.411 40.971-16.971V296z\"><\/path><\/svg>\t\t\t<\/a>\n\t\t<\/div>\n\t\t\t\t<\/div>\n\t\t\t\t<\/div>\n\t\t\t\t<\/div>\n\t\t<div data-particle_enable=\"false\" data-particle-mobile-disabled=\"false\" class=\"elementor-element elementor-element-b5460cd e-con-full e-flex e-con e-child\" data-id=\"b5460cd\" data-element_type=\"container\">\n\t\t\t\t<div class=\"elementor-element elementor-element-d626cf0 animated-slow elementor-widget elementor-widget-heading\" data-id=\"d626cf0\" data-element_type=\"widget\" data-settings=\"{&quot;_animation&quot;:&quot;none&quot;}\" data-widget_type=\"heading.default\">\n\t\t\t\t<div class=\"elementor-widget-container\">\n\t\t\t<style>\/*! elementor - v3.21.0 - 20-05-2024 *\/\n.elementor-heading-title{padding:0;margin:0;line-height:1}.elementor-widget-heading .elementor-heading-title[class*=elementor-size-]>a{color:inherit;font-size:inherit;line-height:inherit}.elementor-widget-heading .elementor-heading-title.elementor-size-small{font-size:15px}.elementor-widget-heading .elementor-heading-title.elementor-size-medium{font-size:19px}.elementor-widget-heading .elementor-heading-title.elementor-size-large{font-size:29px}.elementor-widget-heading .elementor-heading-title.elementor-size-xl{font-size:39px}.elementor-widget-heading .elementor-heading-title.elementor-size-xxl{font-size:59px}<\/style><h1 class=\"elementor-heading-title elementor-size-default\">SISTEME DE CUR\u0102\u021aARE COMBINATE<\/h1>\t\t<\/div>\n\t\t\t\t<\/div>\n\t\t\t\t<\/div>\n\t\t<div data-particle_enable=\"false\" data-particle-mobile-disabled=\"false\" class=\"elementor-element elementor-element-7c284c3 e-con-full e-flex e-con e-child\" data-id=\"7c284c3\" data-element_type=\"container\">\n\t\t\t\t<div class=\"elementor-element elementor-element-2602411 elementor-view-default elementor-widget elementor-widget-icon\" data-id=\"2602411\" data-element_type=\"widget\" data-widget_type=\"icon.default\">\n\t\t\t\t<div class=\"elementor-widget-container\">\n\t\t\t\t\t<div class=\"elementor-icon-wrapper\">\n\t\t\t<a class=\"elementor-icon\" href=\"https:\/\/mazarom.ro\/parteneri\/karl-roll-sistem-debavurare-cu-jet-de-apa\/\">\n\t\t\t<svg aria-hidden=\"true\" class=\"e-font-icon-svg e-fas-long-arrow-alt-right\" viewBox=\"0 0 448 512\" xmlns=\"http:\/\/www.w3.org\/2000\/svg\"><path d=\"M313.941 216H12c-6.627 0-12 5.373-12 12v56c0 6.627 5.373 12 12 12h301.941v46.059c0 21.382 25.851 32.09 40.971 16.971l86.059-86.059c9.373-9.373 9.373-24.569 0-33.941l-86.059-86.059c-15.119-15.119-40.971-4.411-40.971 16.971V216z\"><\/path><\/svg>\t\t\t<\/a>\n\t\t<\/div>\n\t\t\t\t<\/div>\n\t\t\t\t<\/div>\n\t\t\t\t<\/div>\n\t\t\t\t\t<\/div>\n\t\t\t\t<\/div>\n\t\t<div data-particle_enable=\"false\" data-particle-mobile-disabled=\"false\" class=\"elementor-element elementor-element-6d18937 e-flex e-con-boxed e-con e-parent\" data-id=\"6d18937\" data-element_type=\"container\" data-settings=\"{&quot;background_background&quot;:&quot;classic&quot;}\">\n\t\t\t\t\t<div class=\"e-con-inner\">\n\t\t\t\t<div class=\"elementor-element elementor-element-218e46a elementor-widget elementor-widget-image\" data-id=\"218e46a\" data-element_type=\"widget\" data-widget_type=\"image.default\">\n\t\t\t\t<div class=\"elementor-widget-container\">\n\t\t\t<style>\/*! elementor - v3.21.0 - 20-05-2024 *\/\n.elementor-widget-image{text-align:center}.elementor-widget-image a{display:inline-block}.elementor-widget-image a img[src$=\".svg\"]{width:48px}.elementor-widget-image img{vertical-align:middle;display:inline-block}<\/style>\t\t\t\t\t\t\t\t\t\t<img decoding=\"async\" width=\"2048\" height=\"15\" src=\"https:\/\/mazarom.ro\/wp-content\/uploads\/2024\/10\/separator1.webp\" class=\"attachment-full size-full wp-image-4638\" alt=\"\" srcset=\"https:\/\/mazarom.ro\/wp-content\/uploads\/2024\/10\/separator1.webp 2048w, https:\/\/mazarom.ro\/wp-content\/uploads\/2024\/10\/separator1-300x2.webp 300w, https:\/\/mazarom.ro\/wp-content\/uploads\/2024\/10\/separator1-1024x8.webp 1024w, https:\/\/mazarom.ro\/wp-content\/uploads\/2024\/10\/separator1-768x6.webp 768w, https:\/\/mazarom.ro\/wp-content\/uploads\/2024\/10\/separator1-1536x11.webp 1536w, https:\/\/mazarom.ro\/wp-content\/uploads\/2024\/10\/separator1-18x1.webp 18w\" sizes=\"(max-width: 2048px) 100vw, 2048px\" \/>\t\t\t\t\t\t\t\t\t\t\t\t\t<\/div>\n\t\t\t\t<\/div>\n\t\t\t\t\t<\/div>\n\t\t\t\t<\/div>\n\t\t<div data-particle_enable=\"false\" data-particle-mobile-disabled=\"false\" class=\"elementor-element elementor-element-250d917 e-flex e-con-boxed e-con e-parent\" data-id=\"250d917\" data-element_type=\"container\">\n\t\t\t\t\t<div class=\"e-con-inner\">\n\t\t<div data-particle_enable=\"false\" data-particle-mobile-disabled=\"false\" class=\"elementor-element elementor-element-f9d32b3 e-con-full e-flex e-con e-child\" data-id=\"f9d32b3\" data-element_type=\"container\">\n\t\t\t\t<div class=\"elementor-element elementor-element-0b4e3cc blurry elementor-widget elementor-widget-text-editor\" data-id=\"0b4e3cc\" data-element_type=\"widget\" data-widget_type=\"text-editor.default\">\n\t\t\t\t<div class=\"elementor-widget-container\">\n\t\t\t<style>\/*! elementor - v3.21.0 - 20-05-2024 *\/\n.elementor-widget-text-editor.elementor-drop-cap-view-stacked .elementor-drop-cap{background-color:#69727d;color:#fff}.elementor-widget-text-editor.elementor-drop-cap-view-framed .elementor-drop-cap{color:#69727d;border:3px solid;background-color:transparent}.elementor-widget-text-editor:not(.elementor-drop-cap-view-default) .elementor-drop-cap{margin-top:8px}.elementor-widget-text-editor:not(.elementor-drop-cap-view-default) .elementor-drop-cap-letter{width:1em;height:1em}.elementor-widget-text-editor .elementor-drop-cap{float:left;text-align:center;line-height:1;font-size:50px}.elementor-widget-text-editor .elementor-drop-cap-letter{display:inline-block}<\/style>\t\t\t\t<p>Sistemul de cur\u0103\u021bare &#8222;TwinTec&#8221; combin\u0103 avantajele cur\u0103\u021b\u0103rii \u00een mediu apos \u0219i cu solven\u021bi \u00eentr-un singur sistem.<\/p><p>Bazat pe sistemul compact de inundare cu o singur\u0103 camer\u0103 pentru agen\u021bi de cur\u0103\u021bare pe baz\u0103 de hidrocarburi \u0219i alcooli modifica\u021bi, instala\u021bia permite, de asemenea, cur\u0103\u021barea \u00een mediu apos \u00een mai multe etape.<\/p><p>Sistemul instalatiei incapsulate functioneaza sub vid, curatarea cu solvent fiind posibila deasupra punctului de aprindere.<\/p><p>Acest lucru produce rezultate optime de cur\u0103\u021bare \u0219i uscare.<\/p><p>Ultrasunetele \u0219i circula\u021bia sub presiunea sunt disponibile pentru a sus\u021bine eficien\u021ba cur\u0103\u021b\u0103rii \u00een timpul fazei de solvent, precum \u0219i \u00een procesul apos.<\/p><p>Acest nou tip de instala\u021bie permite, de exemplu, \u00eendep\u0103rtarea reziduurilor de emulsie uscate \u00een interiorul unei camere de lucru sau asigur\u0103 o cre\u0219tere semnificativ\u0103 a calit\u0103\u021bii pretrat\u0103rii \u00een timpul proceselor de acoperire.<\/p>\t\t\t\t\t\t<\/div>\n\t\t\t\t<\/div>\n\t\t\t\t<\/div>\n\t\t<div data-particle_enable=\"false\" data-particle-mobile-disabled=\"false\" class=\"elementor-element elementor-element-62727fa e-con-full e-flex e-con e-child\" data-id=\"62727fa\" data-element_type=\"container\">\n\t\t\t\t<div class=\"elementor-element elementor-element-e1f633e elementor-widget elementor-widget-image\" data-id=\"e1f633e\" data-element_type=\"widget\" data-widget_type=\"image.default\">\n\t\t\t\t<div class=\"elementor-widget-container\">\n\t\t\t\t\t\t\t\t\t\t\t\t\t<img fetchpriority=\"high\" decoding=\"async\" width=\"800\" height=\"573\" src=\"https:\/\/mazarom.ro\/wp-content\/uploads\/2024\/09\/image12-1024x734.webp\" class=\"attachment-large size-large wp-image-2049\" alt=\"\" srcset=\"https:\/\/mazarom.ro\/wp-content\/uploads\/2024\/09\/image12-1024x734.webp 1024w, https:\/\/mazarom.ro\/wp-content\/uploads\/2024\/09\/image12-300x215.webp 300w, https:\/\/mazarom.ro\/wp-content\/uploads\/2024\/09\/image12-768x551.webp 768w, https:\/\/mazarom.ro\/wp-content\/uploads\/2024\/09\/image12.webp 1536w\" sizes=\"(max-width: 800px) 100vw, 800px\" \/>\t\t\t\t\t\t\t\t\t\t\t\t\t<\/div>\n\t\t\t\t<\/div>\n\t\t\t\t<\/div>\n\t\t\t\t\t<\/div>\n\t\t\t\t<\/div>\n\t\t<div data-particle_enable=\"false\" data-particle-mobile-disabled=\"false\" class=\"elementor-element elementor-element-337dbfb e-flex e-con-boxed e-con e-parent\" data-id=\"337dbfb\" data-element_type=\"container\">\n\t\t\t\t\t<div class=\"e-con-inner\">\n\t\t<div data-particle_enable=\"false\" data-particle-mobile-disabled=\"false\" class=\"elementor-element elementor-element-82ea5f7 e-con-full e-flex e-con e-child\" data-id=\"82ea5f7\" data-element_type=\"container\">\n\t\t\t\t<div class=\"elementor-element elementor-element-7079965 elementor-align-left elementor-widget elementor-widget-button\" data-id=\"7079965\" data-element_type=\"widget\" data-widget_type=\"button.default\">\n\t\t\t\t<div class=\"elementor-widget-container\">\n\t\t\t\t\t<div class=\"elementor-button-wrapper\">\n\t\t\t<a class=\"elementor-button elementor-button-link elementor-size-sm\" href=\"https:\/\/mazarom.ro\/wp-content\/uploads\/2024\/10\/Sistem-combinat-E-RCTS-TwinTec-Lay2-07_18.pdf\" target=\"_blank\">\n\t\t\t\t\t\t<span class=\"elementor-button-content-wrapper\">\n\t\t\t\t\t\t\t\t\t<span class=\"elementor-button-text\">Descarc\u0103 catalog<\/span>\n\t\t\t\t\t<\/span>\n\t\t\t\t\t<\/a>\n\t\t<\/div>\n\t\t\t\t<\/div>\n\t\t\t\t<\/div>\n\t\t\t\t<\/div>\n\t\t<div data-particle_enable=\"false\" data-particle-mobile-disabled=\"false\" class=\"elementor-element elementor-element-302b93b e-con-full e-flex e-con e-child\" data-id=\"302b93b\" data-element_type=\"container\">\n\t\t\t\t<div class=\"elementor-element elementor-element-f3c08e1 elementor-align-left elementor-widget elementor-widget-button\" data-id=\"f3c08e1\" data-element_type=\"widget\" data-widget_type=\"button.default\">\n\t\t\t\t<div class=\"elementor-widget-container\">\n\t\t\t\t\t<div class=\"elementor-button-wrapper\">\n\t\t\t<a class=\"elementor-button elementor-button-link elementor-size-sm\" href=\"https:\/\/mazarom.ro\/cerere-oferta\/\">\n\t\t\t\t\t\t<span class=\"elementor-button-content-wrapper\">\n\t\t\t\t\t\t\t\t\t<span class=\"elementor-button-text\">Solicit\u0103 o ofert\u0103<\/span>\n\t\t\t\t\t<\/span>\n\t\t\t\t\t<\/a>\n\t\t<\/div>\n\t\t\t\t<\/div>\n\t\t\t\t<\/div>\n\t\t\t\t<\/div>\n\t\t\t\t\t<\/div>\n\t\t\t\t<\/div>\n\t\t<div data-particle_enable=\"false\" data-particle-mobile-disabled=\"false\" class=\"elementor-element elementor-element-1a729db e-flex e-con-boxed e-con e-parent\" data-id=\"1a729db\" data-element_type=\"container\">\n\t\t\t\t\t<div class=\"e-con-inner\">\n\t\t\t\t<div class=\"elementor-element elementor-element-f3b9acf elementor-widget elementor-widget-image\" data-id=\"f3b9acf\" data-element_type=\"widget\" data-widget_type=\"image.default\">\n\t\t\t\t<div class=\"elementor-widget-container\">\n\t\t\t\t\t\t\t\t\t\t\t\t\t<img decoding=\"async\" src=\"https:\/\/mazarom.ro\/wp-content\/uploads\/2024\/10\/separator1.webp\" title=\"\" alt=\"\" loading=\"lazy\" \/>\t\t\t\t\t\t\t\t\t\t\t\t\t<\/div>\n\t\t\t\t<\/div>\n\t\t\t\t\t<\/div>\n\t\t\t\t<\/div>\n\t\t\t\t<\/div>\n\t\t","protected":false},"excerpt":{"rendered":"<p>SISTEME DE CUR\u0102\u021aARE COMBINATE Sistemul de cur\u0103\u021bare &#8222;TwinTec&#8221; combin\u0103 avantajele cur\u0103\u021b\u0103rii \u00een mediu apos \u0219i cu solven\u021bi \u00eentr-un singur sistem. Bazat pe sistemul compact de inundare cu o singur\u0103 camer\u0103 pentru agen\u021bi de cur\u0103\u021bare pe baz\u0103 de hidrocarburi \u0219i alcooli modifica\u021bi, instala\u021bia permite, de asemenea, cur\u0103\u021barea \u00een mediu apos \u00een mai multe etape. Sistemul instalatiei [&hellip;]<\/p>\n","protected":false},"author":3,"featured_media":0,"parent":1837,"menu_order":0,"comment_status":"closed","ping_status":"closed","template":"","meta":{"iawp_total_views":9,"footnotes":""},"class_list":["post-2040","page","type-page","status-publish","hentry"],"yoast_head":"<!-- This site is optimized with the Yoast SEO plugin v27.0 - https:\/\/yoast.com\/product\/yoast-seo-wordpress\/ -->\n<title>MAZAROM<\/title>\n<meta name=\"description\" content=\"MAZAROM IMPEX SRL - Servicii \u00een domeniul ma\u0219inilor unelte CNC. Reprezentant Yamazaki Mazak. Alegere de ma\u0219ini, studii de timp, instalare,instruire, service.\" \/>\n<meta name=\"robots\" content=\"index, follow, max-snippet:-1, max-image-preview:large, max-video-preview:-1\" \/>\n<link rel=\"canonical\" href=\"https:\/\/mazarom.ro\/ro\/parteneri-2\/karl-roll-prezentare\/karl-roll-sisteme-curatare-combinate\/\" \/>\n<meta property=\"og:locale\" content=\"ro_RO\" \/>\n<meta property=\"og:type\" content=\"article\" \/>\n<meta property=\"og:title\" content=\"MAZAROM\" \/>\n<meta property=\"og:description\" content=\"MAZAROM IMPEX SRL - Servicii \u00een domeniul ma\u0219inilor unelte CNC. Reprezentant Yamazaki Mazak. Alegere de ma\u0219ini, studii de timp, instalare,instruire, service.\" \/>\n<meta property=\"og:url\" content=\"https:\/\/mazarom.ro\/ro\/parteneri-2\/karl-roll-prezentare\/karl-roll-sisteme-curatare-combinate\/\" \/>\n<meta property=\"og:site_name\" content=\"MAZAROM\" \/>\n<meta property=\"article:modified_time\" content=\"2025-05-09T10:51:47+00:00\" \/>\n<meta property=\"og:image\" content=\"https:\/\/mazarom.ro\/wp-content\/uploads\/2024\/10\/separator1.webp?_t=1746440382\" \/>\n<meta name=\"twitter:card\" content=\"summary_large_image\" \/>\n<meta name=\"twitter:label1\" content=\"Timp estimat pentru citire\" \/>\n\t<meta name=\"twitter:data1\" content=\"2 minute\" \/>\n<script type=\"application\/ld+json\" class=\"yoast-schema-graph\">{\"@context\":\"https:\/\/schema.org\",\"@graph\":[{\"@type\":\"WebPage\",\"@id\":\"https:\/\/mazarom.ro\/ro\/parteneri-2\/karl-roll-prezentare\/karl-roll-sisteme-curatare-combinate\/\",\"url\":\"https:\/\/mazarom.ro\/ro\/parteneri-2\/karl-roll-prezentare\/karl-roll-sisteme-curatare-combinate\/\",\"name\":\"MAZAROM\",\"isPartOf\":{\"@id\":\"https:\/\/mazarom.ro\/ro\/#website\"},\"primaryImageOfPage\":{\"@id\":\"https:\/\/mazarom.ro\/ro\/parteneri-2\/karl-roll-prezentare\/karl-roll-sisteme-curatare-combinate\/#primaryimage\"},\"image\":{\"@id\":\"https:\/\/mazarom.ro\/ro\/parteneri-2\/karl-roll-prezentare\/karl-roll-sisteme-curatare-combinate\/#primaryimage\"},\"thumbnailUrl\":\"https:\/\/mazarom.ro\/wp-content\/uploads\/2024\/10\/separator1.webp?_t=1746440382\",\"datePublished\":\"2024-09-27T10:20:42+00:00\",\"dateModified\":\"2025-05-09T10:51:47+00:00\",\"description\":\"MAZAROM IMPEX SRL - Servicii \u00een domeniul ma\u0219inilor unelte CNC. Reprezentant Yamazaki Mazak. Alegere de ma\u0219ini, studii de timp, instalare,instruire, service.\",\"breadcrumb\":{\"@id\":\"https:\/\/mazarom.ro\/ro\/parteneri-2\/karl-roll-prezentare\/karl-roll-sisteme-curatare-combinate\/#breadcrumb\"},\"inLanguage\":\"ro-RO\",\"potentialAction\":[{\"@type\":\"ReadAction\",\"target\":[\"https:\/\/mazarom.ro\/ro\/parteneri-2\/karl-roll-prezentare\/karl-roll-sisteme-curatare-combinate\/\"]}]},{\"@type\":\"ImageObject\",\"inLanguage\":\"ro-RO\",\"@id\":\"https:\/\/mazarom.ro\/ro\/parteneri-2\/karl-roll-prezentare\/karl-roll-sisteme-curatare-combinate\/#primaryimage\",\"url\":\"https:\/\/mazarom.ro\/wp-content\/uploads\/2024\/10\/separator1.webp?_t=1746440382\",\"contentUrl\":\"https:\/\/mazarom.ro\/wp-content\/uploads\/2024\/10\/separator1.webp?_t=1746440382\"},{\"@type\":\"BreadcrumbList\",\"@id\":\"https:\/\/mazarom.ro\/ro\/parteneri-2\/karl-roll-prezentare\/karl-roll-sisteme-curatare-combinate\/#breadcrumb\",\"itemListElement\":[{\"@type\":\"ListItem\",\"position\":1,\"name\":\"ACAS\u0102\",\"item\":\"https:\/\/mazarom.ro\/\"},{\"@type\":\"ListItem\",\"position\":2,\"name\":\"PARTENERI\",\"item\":\"https:\/\/mazarom.ro\/en\/parteneri-2\/\"},{\"@type\":\"ListItem\",\"position\":3,\"name\":\"Prezentare KARL ROLL\",\"item\":\"https:\/\/mazarom.ro\/ro\/parteneri-2\/karl-roll-prezentare\/\"},{\"@type\":\"ListItem\",\"position\":4,\"name\":\"Sisteme de Cur\u0103\u021bare Combinate\"}]},{\"@type\":\"WebSite\",\"@id\":\"https:\/\/mazarom.ro\/ro\/#website\",\"url\":\"https:\/\/mazarom.ro\/ro\/\",\"name\":\"MAZAROM\",\"description\":\"\",\"publisher\":{\"@id\":\"https:\/\/mazarom.ro\/ro\/#organization\"},\"potentialAction\":[{\"@type\":\"SearchAction\",\"target\":{\"@type\":\"EntryPoint\",\"urlTemplate\":\"https:\/\/mazarom.ro\/ro\/?s={search_term_string}\"},\"query-input\":{\"@type\":\"PropertyValueSpecification\",\"valueRequired\":true,\"valueName\":\"search_term_string\"}}],\"inLanguage\":\"ro-RO\"},{\"@type\":\"Organization\",\"@id\":\"https:\/\/mazarom.ro\/ro\/#organization\",\"name\":\"MAZAROM\",\"url\":\"https:\/\/mazarom.ro\/ro\/\",\"logo\":{\"@type\":\"ImageObject\",\"inLanguage\":\"ro-RO\",\"@id\":\"https:\/\/mazarom.ro\/ro\/#\/schema\/logo\/image\/\",\"url\":\"https:\/\/mazarom.ro\/wp-content\/uploads\/2024\/09\/logo.webp\",\"contentUrl\":\"https:\/\/mazarom.ro\/wp-content\/uploads\/2024\/09\/logo.webp\",\"width\":1024,\"height\":137,\"caption\":\"MAZAROM\"},\"image\":{\"@id\":\"https:\/\/mazarom.ro\/ro\/#\/schema\/logo\/image\/\"}}]}<\/script>\n<!-- \/ Yoast SEO plugin. -->","yoast_head_json":{"title":"MAZAROM","description":"MAZAROM IMPEX SRL - Servicii \u00een domeniul ma\u0219inilor unelte CNC. Reprezentant Yamazaki Mazak. Alegere de ma\u0219ini, studii de timp, instalare,instruire, service.","robots":{"index":"index","follow":"follow","max-snippet":"max-snippet:-1","max-image-preview":"max-image-preview:large","max-video-preview":"max-video-preview:-1"},"canonical":"https:\/\/mazarom.ro\/ro\/parteneri-2\/karl-roll-prezentare\/karl-roll-sisteme-curatare-combinate\/","og_locale":"ro_RO","og_type":"article","og_title":"MAZAROM","og_description":"MAZAROM IMPEX SRL - Servicii \u00een domeniul ma\u0219inilor unelte CNC. Reprezentant Yamazaki Mazak. Alegere de ma\u0219ini, studii de timp, instalare,instruire, service.","og_url":"https:\/\/mazarom.ro\/ro\/parteneri-2\/karl-roll-prezentare\/karl-roll-sisteme-curatare-combinate\/","og_site_name":"MAZAROM","article_modified_time":"2025-05-09T10:51:47+00:00","og_image":[{"url":"https:\/\/mazarom.ro\/wp-content\/uploads\/2024\/10\/separator1.webp?_t=1746440382","type":"","width":"","height":""}],"twitter_card":"summary_large_image","twitter_misc":{"Timp estimat pentru citire":"2 minute"},"schema":{"@context":"https:\/\/schema.org","@graph":[{"@type":"WebPage","@id":"https:\/\/mazarom.ro\/ro\/parteneri-2\/karl-roll-prezentare\/karl-roll-sisteme-curatare-combinate\/","url":"https:\/\/mazarom.ro\/ro\/parteneri-2\/karl-roll-prezentare\/karl-roll-sisteme-curatare-combinate\/","name":"MAZAROM","isPartOf":{"@id":"https:\/\/mazarom.ro\/ro\/#website"},"primaryImageOfPage":{"@id":"https:\/\/mazarom.ro\/ro\/parteneri-2\/karl-roll-prezentare\/karl-roll-sisteme-curatare-combinate\/#primaryimage"},"image":{"@id":"https:\/\/mazarom.ro\/ro\/parteneri-2\/karl-roll-prezentare\/karl-roll-sisteme-curatare-combinate\/#primaryimage"},"thumbnailUrl":"https:\/\/mazarom.ro\/wp-content\/uploads\/2024\/10\/separator1.webp?_t=1746440382","datePublished":"2024-09-27T10:20:42+00:00","dateModified":"2025-05-09T10:51:47+00:00","description":"MAZAROM IMPEX SRL - Servicii \u00een domeniul ma\u0219inilor unelte CNC. Reprezentant Yamazaki Mazak. Alegere de ma\u0219ini, studii de timp, instalare,instruire, service.","breadcrumb":{"@id":"https:\/\/mazarom.ro\/ro\/parteneri-2\/karl-roll-prezentare\/karl-roll-sisteme-curatare-combinate\/#breadcrumb"},"inLanguage":"ro-RO","potentialAction":[{"@type":"ReadAction","target":["https:\/\/mazarom.ro\/ro\/parteneri-2\/karl-roll-prezentare\/karl-roll-sisteme-curatare-combinate\/"]}]},{"@type":"ImageObject","inLanguage":"ro-RO","@id":"https:\/\/mazarom.ro\/ro\/parteneri-2\/karl-roll-prezentare\/karl-roll-sisteme-curatare-combinate\/#primaryimage","url":"https:\/\/mazarom.ro\/wp-content\/uploads\/2024\/10\/separator1.webp?_t=1746440382","contentUrl":"https:\/\/mazarom.ro\/wp-content\/uploads\/2024\/10\/separator1.webp?_t=1746440382"},{"@type":"BreadcrumbList","@id":"https:\/\/mazarom.ro\/ro\/parteneri-2\/karl-roll-prezentare\/karl-roll-sisteme-curatare-combinate\/#breadcrumb","itemListElement":[{"@type":"ListItem","position":1,"name":"ACAS\u0102","item":"https:\/\/mazarom.ro\/"},{"@type":"ListItem","position":2,"name":"PARTENERI","item":"https:\/\/mazarom.ro\/en\/parteneri-2\/"},{"@type":"ListItem","position":3,"name":"Prezentare KARL ROLL","item":"https:\/\/mazarom.ro\/ro\/parteneri-2\/karl-roll-prezentare\/"},{"@type":"ListItem","position":4,"name":"Sisteme de Cur\u0103\u021bare Combinate"}]},{"@type":"WebSite","@id":"https:\/\/mazarom.ro\/ro\/#website","url":"https:\/\/mazarom.ro\/ro\/","name":"MAZAROM","description":"","publisher":{"@id":"https:\/\/mazarom.ro\/ro\/#organization"},"potentialAction":[{"@type":"SearchAction","target":{"@type":"EntryPoint","urlTemplate":"https:\/\/mazarom.ro\/ro\/?s={search_term_string}"},"query-input":{"@type":"PropertyValueSpecification","valueRequired":true,"valueName":"search_term_string"}}],"inLanguage":"ro-RO"},{"@type":"Organization","@id":"https:\/\/mazarom.ro\/ro\/#organization","name":"MAZAROM","url":"https:\/\/mazarom.ro\/ro\/","logo":{"@type":"ImageObject","inLanguage":"ro-RO","@id":"https:\/\/mazarom.ro\/ro\/#\/schema\/logo\/image\/","url":"https:\/\/mazarom.ro\/wp-content\/uploads\/2024\/09\/logo.webp","contentUrl":"https:\/\/mazarom.ro\/wp-content\/uploads\/2024\/09\/logo.webp","width":1024,"height":137,"caption":"MAZAROM"},"image":{"@id":"https:\/\/mazarom.ro\/ro\/#\/schema\/logo\/image\/"}}]}},"_links":{"self":[{"href":"https:\/\/mazarom.ro\/ro\/wp-json\/wp\/v2\/pages\/2040","targetHints":{"allow":["GET"]}}],"collection":[{"href":"https:\/\/mazarom.ro\/ro\/wp-json\/wp\/v2\/pages"}],"about":[{"href":"https:\/\/mazarom.ro\/ro\/wp-json\/wp\/v2\/types\/page"}],"author":[{"embeddable":true,"href":"https:\/\/mazarom.ro\/ro\/wp-json\/wp\/v2\/users\/3"}],"replies":[{"embeddable":true,"href":"https:\/\/mazarom.ro\/ro\/wp-json\/wp\/v2\/comments?post=2040"}],"version-history":[{"count":45,"href":"https:\/\/mazarom.ro\/ro\/wp-json\/wp\/v2\/pages\/2040\/revisions"}],"predecessor-version":[{"id":9775,"href":"https:\/\/mazarom.ro\/ro\/wp-json\/wp\/v2\/pages\/2040\/revisions\/9775"}],"up":[{"embeddable":true,"href":"https:\/\/mazarom.ro\/ro\/wp-json\/wp\/v2\/pages\/1837"}],"wp:attachment":[{"href":"https:\/\/mazarom.ro\/ro\/wp-json\/wp\/v2\/media?parent=2040"}],"curies":[{"name":"wp","href":"https:\/\/api.w.org\/{rel}","templated":true}]}}