{"id":2283,"date":"2024-09-29T18:05:30","date_gmt":"2024-09-29T18:05:30","guid":{"rendered":"https:\/\/mazarom.ro\/?page_id=2283"},"modified":"2025-05-09T12:51:00","modified_gmt":"2025-05-09T10:51:00","slug":"sartorius","status":"publish","type":"page","link":"https:\/\/mazarom.ro\/ro\/parteneri-2\/sartorius\/","title":{"rendered":"Sartorius"},"content":{"rendered":"\t\t<div data-elementor-type=\"wp-page\" data-elementor-id=\"2283\" class=\"elementor elementor-2283\" data-elementor-post-type=\"page\">\n\t\t\t\t<div data-particle_enable=\"false\" data-particle-mobile-disabled=\"false\" class=\"elementor-element elementor-element-c60a852 e-flex e-con-boxed e-con e-parent\" data-id=\"c60a852\" data-element_type=\"container\">\n\t\t\t\t\t<div class=\"e-con-inner\">\n\t\t<div data-particle_enable=\"false\" data-particle-mobile-disabled=\"false\" class=\"elementor-element elementor-element-61cc20e e-con-full e-flex e-con e-child\" data-id=\"61cc20e\" data-element_type=\"container\">\n\t\t\t\t<div class=\"elementor-element elementor-element-439edcb elementor-view-default elementor-widget elementor-widget-icon\" data-id=\"439edcb\" data-element_type=\"widget\" data-widget_type=\"icon.default\">\n\t\t\t\t<div class=\"elementor-widget-container\">\n\t\t\t\t\t<div class=\"elementor-icon-wrapper\">\n\t\t\t<a class=\"elementor-icon\" href=\"https:\/\/mazarom.ro\/parteneri\/\">\n\t\t\t<svg aria-hidden=\"true\" class=\"e-font-icon-svg e-fas-long-arrow-alt-left\" viewBox=\"0 0 448 512\" xmlns=\"http:\/\/www.w3.org\/2000\/svg\"><path d=\"M134.059 296H436c6.627 0 12-5.373 12-12v-56c0-6.627-5.373-12-12-12H134.059v-46.059c0-21.382-25.851-32.09-40.971-16.971L7.029 239.029c-9.373 9.373-9.373 24.569 0 33.941l86.059 86.059c15.119 15.119 40.971 4.411 40.971-16.971V296z\"><\/path><\/svg>\t\t\t<\/a>\n\t\t<\/div>\n\t\t\t\t<\/div>\n\t\t\t\t<\/div>\n\t\t\t\t<\/div>\n\t\t<div data-particle_enable=\"false\" data-particle-mobile-disabled=\"false\" class=\"elementor-element elementor-element-6912064 e-con-full e-flex e-con e-child\" data-id=\"6912064\" data-element_type=\"container\">\n\t\t\t\t<div class=\"elementor-element elementor-element-06e0d1e animated-slow elementor-widget elementor-widget-heading\" data-id=\"06e0d1e\" data-element_type=\"widget\" data-settings=\"{&quot;_animation&quot;:&quot;none&quot;}\" data-widget_type=\"heading.default\">\n\t\t\t\t<div class=\"elementor-widget-container\">\n\t\t\t<style>\/*! elementor - v3.21.0 - 20-05-2024 *\/\n.elementor-heading-title{padding:0;margin:0;line-height:1}.elementor-widget-heading .elementor-heading-title[class*=elementor-size-]>a{color:inherit;font-size:inherit;line-height:inherit}.elementor-widget-heading .elementor-heading-title.elementor-size-small{font-size:15px}.elementor-widget-heading .elementor-heading-title.elementor-size-medium{font-size:19px}.elementor-widget-heading .elementor-heading-title.elementor-size-large{font-size:29px}.elementor-widget-heading .elementor-heading-title.elementor-size-xl{font-size:39px}.elementor-widget-heading .elementor-heading-title.elementor-size-xxl{font-size:59px}<\/style><h1 class=\"elementor-heading-title elementor-size-default\">SARTORIUS<\/h1>\t\t<\/div>\n\t\t\t\t<\/div>\n\t\t\t\t<\/div>\n\t\t<div data-particle_enable=\"false\" data-particle-mobile-disabled=\"false\" class=\"elementor-element elementor-element-8a46f69 e-con-full e-flex e-con e-child\" data-id=\"8a46f69\" data-element_type=\"container\">\n\t\t\t\t<div class=\"elementor-element elementor-element-7bdf166 elementor-view-default elementor-widget elementor-widget-icon\" data-id=\"7bdf166\" data-element_type=\"widget\" data-widget_type=\"icon.default\">\n\t\t\t\t<div class=\"elementor-widget-container\">\n\t\t\t\t\t<div class=\"elementor-icon-wrapper\">\n\t\t\t<a class=\"elementor-icon\" href=\"https:\/\/mazarom.ro\/parteneri\/sandvik-2\/\">\n\t\t\t<svg aria-hidden=\"true\" class=\"e-font-icon-svg e-fas-long-arrow-alt-right\" viewBox=\"0 0 448 512\" xmlns=\"http:\/\/www.w3.org\/2000\/svg\"><path d=\"M313.941 216H12c-6.627 0-12 5.373-12 12v56c0 6.627 5.373 12 12 12h301.941v46.059c0 21.382 25.851 32.09 40.971 16.971l86.059-86.059c9.373-9.373 9.373-24.569 0-33.941l-86.059-86.059c-15.119-15.119-40.971-4.411-40.971 16.971V216z\"><\/path><\/svg>\t\t\t<\/a>\n\t\t<\/div>\n\t\t\t\t<\/div>\n\t\t\t\t<\/div>\n\t\t\t\t<\/div>\n\t\t\t\t\t<\/div>\n\t\t\t\t<\/div>\n\t\t<div data-particle_enable=\"false\" data-particle-mobile-disabled=\"false\" class=\"elementor-element elementor-element-c2f48f6 e-flex e-con-boxed e-con e-parent\" data-id=\"c2f48f6\" data-element_type=\"container\" data-settings=\"{&quot;background_background&quot;:&quot;classic&quot;}\">\n\t\t\t\t\t<div class=\"e-con-inner\">\n\t\t\t\t<div class=\"elementor-element elementor-element-8b5104e elementor-widget elementor-widget-image\" data-id=\"8b5104e\" data-element_type=\"widget\" data-widget_type=\"image.default\">\n\t\t\t\t<div class=\"elementor-widget-container\">\n\t\t\t<style>\/*! elementor - v3.21.0 - 20-05-2024 *\/\n.elementor-widget-image{text-align:center}.elementor-widget-image a{display:inline-block}.elementor-widget-image a img[src$=\".svg\"]{width:48px}.elementor-widget-image img{vertical-align:middle;display:inline-block}<\/style>\t\t\t\t\t\t\t\t\t\t<img decoding=\"async\" width=\"2048\" height=\"15\" src=\"https:\/\/mazarom.ro\/wp-content\/uploads\/2024\/10\/separator1.webp\" class=\"attachment-full size-full wp-image-4638\" alt=\"\" srcset=\"https:\/\/mazarom.ro\/wp-content\/uploads\/2024\/10\/separator1.webp 2048w, https:\/\/mazarom.ro\/wp-content\/uploads\/2024\/10\/separator1-300x2.webp 300w, https:\/\/mazarom.ro\/wp-content\/uploads\/2024\/10\/separator1-1024x8.webp 1024w, https:\/\/mazarom.ro\/wp-content\/uploads\/2024\/10\/separator1-768x6.webp 768w, https:\/\/mazarom.ro\/wp-content\/uploads\/2024\/10\/separator1-1536x11.webp 1536w, https:\/\/mazarom.ro\/wp-content\/uploads\/2024\/10\/separator1-18x1.webp 18w\" sizes=\"(max-width: 2048px) 100vw, 2048px\" \/>\t\t\t\t\t\t\t\t\t\t\t\t\t<\/div>\n\t\t\t\t<\/div>\n\t\t\t\t\t<\/div>\n\t\t\t\t<\/div>\n\t\t<div data-particle_enable=\"false\" data-particle-mobile-disabled=\"false\" class=\"elementor-element elementor-element-bc8f055 e-flex e-con-boxed e-con e-parent\" data-id=\"bc8f055\" data-element_type=\"container\" data-settings=\"{&quot;background_background&quot;:&quot;classic&quot;}\">\n\t\t\t\t\t<div class=\"e-con-inner\">\n\t\t\t\t<div class=\"elementor-element elementor-element-41dc5dd elementor-widget__width-initial elementor-widget elementor-widget-video\" data-id=\"41dc5dd\" data-element_type=\"widget\" data-settings=\"{&quot;youtube_url&quot;:&quot;https:\\\/\\\/youtu.be\\\/St1F-WRa9q0&quot;,&quot;video_type&quot;:&quot;youtube&quot;,&quot;controls&quot;:&quot;yes&quot;}\" data-widget_type=\"video.default\">\n\t\t\t\t<div class=\"elementor-widget-container\">\n\t\t\t<style>\/*! elementor - v3.21.0 - 20-05-2024 *\/\n.elementor-widget-video .elementor-widget-container{overflow:hidden;transform:translateZ(0)}.elementor-widget-video .elementor-wrapper{aspect-ratio:var(--video-aspect-ratio)}.elementor-widget-video .elementor-wrapper iframe,.elementor-widget-video .elementor-wrapper video{height:100%;width:100%;display:flex;border:none;background-color:#000}@supports not (aspect-ratio:1\/1){.elementor-widget-video .elementor-wrapper{position:relative;overflow:hidden;height:0;padding-bottom:calc(100% \/ var(--video-aspect-ratio))}.elementor-widget-video .elementor-wrapper iframe,.elementor-widget-video .elementor-wrapper video{position:absolute;top:0;right:0;bottom:0;left:0}}.elementor-widget-video .elementor-open-inline .elementor-custom-embed-image-overlay{position:absolute;top:0;right:0;bottom:0;left:0;background-size:cover;background-position:50%}.elementor-widget-video .elementor-custom-embed-image-overlay{cursor:pointer;text-align:center}.elementor-widget-video .elementor-custom-embed-image-overlay:hover .elementor-custom-embed-play i{opacity:1}.elementor-widget-video .elementor-custom-embed-image-overlay img{display:block;width:100%;aspect-ratio:var(--video-aspect-ratio);-o-object-fit:cover;object-fit:cover;-o-object-position:center center;object-position:center center}@supports not (aspect-ratio:1\/1){.elementor-widget-video .elementor-custom-embed-image-overlay{position:relative;overflow:hidden;height:0;padding-bottom:calc(100% \/ var(--video-aspect-ratio))}.elementor-widget-video .elementor-custom-embed-image-overlay img{position:absolute;top:0;right:0;bottom:0;left:0}}.elementor-widget-video .e-hosted-video .elementor-video{-o-object-fit:cover;object-fit:cover}.e-con-inner>.elementor-widget-video,.e-con>.elementor-widget-video{width:var(--container-widget-width);--flex-grow:var(--container-widget-flex-grow)}<\/style>\t\t<div class=\"elementor-wrapper elementor-open-inline\">\n\t\t\t<div class=\"elementor-video\"><\/div>\t\t<\/div>\n\t\t\t\t<\/div>\n\t\t\t\t<\/div>\n\t\t\t\t\t<\/div>\n\t\t\t\t<\/div>\n\t\t<div data-particle_enable=\"false\" data-particle-mobile-disabled=\"false\" class=\"elementor-element elementor-element-310a383 e-flex e-con-boxed e-con e-parent\" data-id=\"310a383\" data-element_type=\"container\">\n\t\t\t\t\t<div class=\"e-con-inner\">\n\t\t\t\t<div class=\"elementor-element elementor-element-246f967 elementor-widget__width-initial elementor-widget-mobile__width-initial elementor-widget elementor-widget-image\" data-id=\"246f967\" data-element_type=\"widget\" data-widget_type=\"image.default\">\n\t\t\t\t<div class=\"elementor-widget-container\">\n\t\t\t\t\t\t\t\t\t\t\t\t\t\t<a href=\"https:\/\/www.saratools.com\/\" target=\"_blank\">\n\t\t\t\t\t\t\t<img decoding=\"async\" src=\"https:\/\/mazarom.ro\/wp-content\/uploads\/elementor\/thumbs\/SARTORIUS-qutzq8v6oek72kgi6tv9hguphxwto94ipjmuwh4tmo.png\" title=\"SARTORIUS\" alt=\"SARTORIUS\" loading=\"lazy\" \/>\t\t\t\t\t\t\t\t<\/a>\n\t\t\t\t\t\t\t\t\t\t\t\t\t<\/div>\n\t\t\t\t<\/div>\n\t\t\t\t\t<\/div>\n\t\t\t\t<\/div>\n\t\t<div data-particle_enable=\"false\" data-particle-mobile-disabled=\"false\" class=\"elementor-element elementor-element-851e076 e-flex e-con-boxed e-con e-parent\" data-id=\"851e076\" data-element_type=\"container\">\n\t\t\t\t\t<div class=\"e-con-inner\">\n\t\t\t\t<div class=\"elementor-element elementor-element-7a4913a elementor-widget__width-initial blurry elementor-widget elementor-widget-text-editor\" data-id=\"7a4913a\" data-element_type=\"widget\" data-widget_type=\"text-editor.default\">\n\t\t\t\t<div class=\"elementor-widget-container\">\n\t\t\t<style>\/*! elementor - v3.21.0 - 20-05-2024 *\/\n.elementor-widget-text-editor.elementor-drop-cap-view-stacked .elementor-drop-cap{background-color:#69727d;color:#fff}.elementor-widget-text-editor.elementor-drop-cap-view-framed .elementor-drop-cap{color:#69727d;border:3px solid;background-color:transparent}.elementor-widget-text-editor:not(.elementor-drop-cap-view-default) .elementor-drop-cap{margin-top:8px}.elementor-widget-text-editor:not(.elementor-drop-cap-view-default) .elementor-drop-cap-letter{width:1em;height:1em}.elementor-widget-text-editor .elementor-drop-cap{float:left;text-align:center;line-height:1;font-size:50px}.elementor-widget-text-editor .elementor-drop-cap-letter{display:inline-block}<\/style>\t\t\t\t<p><strong>SARTORIUS<\/strong> este un produc\u0103tor \u0219i distribuitor de scule, port-scule \u0219i sisteme de prindere.<\/p><p>Calitatea, siguran\u021ba, dar mai ales \u00eencrederea clien\u021bilor \u00een produsele \u0219i serviciile oferite de <strong>SARTORIUS<\/strong>, au adus compania printre furnizorii de top din industria sculelor de precizie pentru prelucrarea metalului, at\u00e2t pe ma\u0219ini-unelte, c\u00e2t \u0219i manual.<\/p><p>Obiectivul principal al companiei <strong>SARTORIUS<\/strong> este acela de a veni \u00een \u00eent\u00e2mpinarea nevoilor de produc\u021bie ale clien\u021bilor cu cele mai inovatoare scule, port-scule \u0219i sisteme de prindere, principala preocupare fiind dezvoltarea continu\u0103 \u0219i men\u021binerea \u00eencrederii \u0219i a sus\u021binerii reciproce care exist\u0103 \u00eentre furnizor \u0219i clien\u021bii finali.<\/p><p>Distribuitor \u0219i reprezentant unic \u00een Rom\u00e2nia este societatea Mazarom Impex S.R.L a c\u0103rei echip\u0103 v\u0103 st\u0103 la dispozi\u021bie pentru suport tehnic \u0219i asisten\u021b\u0103. Temeinic preg\u0103ti\u021bi \u0219i califica\u021bi profesional, consultan\u021bii no\u0219tri pot g\u0103si solu\u021bii la \u00eentreb\u0103rile sau problemele ce pot ap\u0103rea \u00een procesul de produc\u021bie.<\/p><p>Atunci c\u00e2nd precizia trebuie men\u021binut\u0103 \u0219i calitatea asigurat\u0103, <strong>SARTORIUS<\/strong> este partenerul Dumneavoastr\u0103 de \u00eencredere ca furnizor de unelte de precizie \u0219i instrumente de m\u0103sur\u0103 \u0219i control.<\/p><p><strong>SARTORIUS<\/strong> ofer\u0103, \u00een acela\u0219i timp o gam\u0103 complet\u0103 de servicii privind calibrarea instrumentelor de m\u0103sur\u0103 \u0219i servicii de reparare, reascu\u021bire \u0219i acoperire a sculelor.<\/p><p>Printre serviciile \u0219i produsele oferite se g\u0103sesc:<\/p><p>\u2013 servicii de reparat scule.<br \/>\u2013 servicii de reascu\u021bit scule.<br \/>\u2013 servicii acoperiri metalice.<br \/>\u2013 calibrare calibre pentru filete.<br \/>\u2013 calibrare calibre planeitate.<br \/>\u2013 calibrare instrumente de m\u0103sur\u0103 pentru materiale.<br \/>\u2013 software monitorizare echipamente de control.<br \/>\u2013 calibrare echipamente de m\u0103sura de laborator.<br \/>\u2013 toat\u0103 gama de burghie \u0219i tarozi de a\u0219chiere.<\/p>\t\t\t\t\t\t<\/div>\n\t\t\t\t<\/div>\n\t\t\t\t\t<\/div>\n\t\t\t\t<\/div>\n\t\t<div data-particle_enable=\"false\" data-particle-mobile-disabled=\"false\" class=\"elementor-element elementor-element-d7cfeaa e-flex e-con-boxed e-con e-parent\" data-id=\"d7cfeaa\" data-element_type=\"container\">\n\t\t\t\t\t<div class=\"e-con-inner\">\n\t\t<div data-particle_enable=\"false\" data-particle-mobile-disabled=\"false\" class=\"elementor-element elementor-element-aa1f24e e-con-full e-flex e-con e-child\" data-id=\"aa1f24e\" data-element_type=\"container\">\n\t\t\t\t<div class=\"elementor-element elementor-element-6b36b45 elementor-align-left elementor-widget elementor-widget-button\" data-id=\"6b36b45\" data-element_type=\"widget\" data-widget_type=\"button.default\">\n\t\t\t\t<div class=\"elementor-widget-container\">\n\t\t\t\t\t<div class=\"elementor-button-wrapper\">\n\t\t\t<a class=\"elementor-button elementor-button-link elementor-size-sm\" href=\"https:\/\/mazarom.ro\/cerere-oferta\/\">\n\t\t\t\t\t\t<span class=\"elementor-button-content-wrapper\">\n\t\t\t\t\t\t\t\t\t<span class=\"elementor-button-text\">Solicit\u0103 o ofert\u0103<\/span>\n\t\t\t\t\t<\/span>\n\t\t\t\t\t<\/a>\n\t\t<\/div>\n\t\t\t\t<\/div>\n\t\t\t\t<\/div>\n\t\t\t\t<\/div>\n\t\t<div data-particle_enable=\"false\" data-particle-mobile-disabled=\"false\" class=\"elementor-element elementor-element-3be29f9 e-con-full e-flex e-con e-child\" data-id=\"3be29f9\" data-element_type=\"container\">\n\t\t\t\t<div class=\"elementor-element elementor-element-a0a3f8c elementor-widget elementor-widget-button\" data-id=\"a0a3f8c\" data-element_type=\"widget\" data-widget_type=\"button.default\">\n\t\t\t\t<div class=\"elementor-widget-container\">\n\t\t\t\t\t<div class=\"elementor-button-wrapper\">\n\t\t\t<a class=\"elementor-button elementor-button-link elementor-size-sm\" href=\"https:\/\/mazarom.ro\/wp-content\/uploads\/2025\/01\/GB_SWKatalog2023-2024.pdf\" target=\"_blank\">\n\t\t\t\t\t\t<span class=\"elementor-button-content-wrapper\">\n\t\t\t\t\t\t\t\t\t<span class=\"elementor-button-text\">Descarc\u0103 catalog<\/span>\n\t\t\t\t\t<\/span>\n\t\t\t\t\t<\/a>\n\t\t<\/div>\n\t\t\t\t<\/div>\n\t\t\t\t<\/div>\n\t\t\t\t<\/div>\n\t\t\t\t\t<\/div>\n\t\t\t\t<\/div>\n\t\t<div data-particle_enable=\"false\" data-particle-mobile-disabled=\"false\" class=\"elementor-element elementor-element-f13a150 e-flex e-con-boxed e-con e-parent\" data-id=\"f13a150\" data-element_type=\"container\">\n\t\t\t\t\t<div class=\"e-con-inner\">\n\t\t\t\t<div class=\"elementor-element elementor-element-9d298a1 elementor-widget elementor-widget-image\" data-id=\"9d298a1\" data-element_type=\"widget\" data-widget_type=\"image.default\">\n\t\t\t\t<div class=\"elementor-widget-container\">\n\t\t\t\t\t\t\t\t\t\t\t\t\t<img decoding=\"async\" src=\"https:\/\/mazarom.ro\/wp-content\/uploads\/2024\/10\/separator1.webp\" title=\"\" alt=\"\" loading=\"lazy\" \/>\t\t\t\t\t\t\t\t\t\t\t\t\t<\/div>\n\t\t\t\t<\/div>\n\t\t\t\t\t<\/div>\n\t\t\t\t<\/div>\n\t\t\t\t<\/div>\n\t\t","protected":false},"excerpt":{"rendered":"<p>SARTORIUS SARTORIUS este un produc\u0103tor \u0219i distribuitor de scule, port-scule \u0219i sisteme de prindere. Calitatea, siguran\u021ba, dar mai ales \u00eencrederea clien\u021bilor \u00een produsele \u0219i serviciile oferite de SARTORIUS, au adus compania printre furnizorii de top din industria sculelor de precizie pentru prelucrarea metalului, at\u00e2t pe ma\u0219ini-unelte, c\u00e2t \u0219i manual. Obiectivul principal al companiei SARTORIUS este [&hellip;]<\/p>\n","protected":false},"author":3,"featured_media":0,"parent":9405,"menu_order":0,"comment_status":"closed","ping_status":"closed","template":"","meta":{"iawp_total_views":96,"footnotes":""},"class_list":["post-2283","page","type-page","status-publish","hentry"],"yoast_head":"<!-- This site is optimized with the Yoast SEO plugin v27.0 - https:\/\/yoast.com\/product\/yoast-seo-wordpress\/ -->\n<title>MAZAROM<\/title>\n<meta name=\"description\" content=\"MAZAROM IMPEX SRL - Servicii \u00een domeniul ma\u0219inilor unelte CNC. Reprezentant Yamazaki Mazak. Alegere de ma\u0219ini, studii de timp, instalare,instruire, service.\" \/>\n<meta name=\"robots\" content=\"index, follow, max-snippet:-1, max-image-preview:large, max-video-preview:-1\" \/>\n<link rel=\"canonical\" href=\"https:\/\/mazarom.ro\/ro\/parteneri-2\/sartorius\/\" \/>\n<meta property=\"og:locale\" content=\"ro_RO\" \/>\n<meta property=\"og:type\" content=\"article\" \/>\n<meta property=\"og:title\" content=\"MAZAROM\" \/>\n<meta property=\"og:description\" content=\"MAZAROM IMPEX SRL - Servicii \u00een domeniul ma\u0219inilor unelte CNC. Reprezentant Yamazaki Mazak. Alegere de ma\u0219ini, studii de timp, instalare,instruire, service.\" \/>\n<meta property=\"og:url\" content=\"https:\/\/mazarom.ro\/ro\/parteneri-2\/sartorius\/\" \/>\n<meta property=\"og:site_name\" content=\"MAZAROM\" \/>\n<meta property=\"article:modified_time\" content=\"2025-05-09T10:51:00+00:00\" \/>\n<meta property=\"og:image\" content=\"https:\/\/mazarom.ro\/wp-content\/uploads\/2024\/10\/separator1.webp?_t=1745420140\" \/>\n<meta name=\"twitter:card\" content=\"summary_large_image\" \/>\n<meta name=\"twitter:label1\" content=\"Timp estimat pentru citire\" \/>\n\t<meta name=\"twitter:data1\" content=\"2 minute\" \/>\n<script type=\"application\/ld+json\" class=\"yoast-schema-graph\">{\"@context\":\"https:\/\/schema.org\",\"@graph\":[{\"@type\":\"WebPage\",\"@id\":\"https:\/\/mazarom.ro\/en\/parteneri-2\/sartorius\/\",\"url\":\"https:\/\/mazarom.ro\/en\/parteneri-2\/sartorius\/\",\"name\":\"MAZAROM\",\"isPartOf\":{\"@id\":\"https:\/\/mazarom.ro\/ro\/#website\"},\"primaryImageOfPage\":{\"@id\":\"https:\/\/mazarom.ro\/en\/parteneri-2\/sartorius\/#primaryimage\"},\"image\":{\"@id\":\"https:\/\/mazarom.ro\/en\/parteneri-2\/sartorius\/#primaryimage\"},\"thumbnailUrl\":\"https:\/\/mazarom.ro\/wp-content\/uploads\/2024\/10\/separator1.webp?_t=1745420140\",\"datePublished\":\"2024-09-29T18:05:30+00:00\",\"dateModified\":\"2025-05-09T10:51:00+00:00\",\"description\":\"MAZAROM IMPEX SRL - Servicii \u00een domeniul ma\u0219inilor unelte CNC. Reprezentant Yamazaki Mazak. Alegere de ma\u0219ini, studii de timp, instalare,instruire, service.\",\"breadcrumb\":{\"@id\":\"https:\/\/mazarom.ro\/en\/parteneri-2\/sartorius\/#breadcrumb\"},\"inLanguage\":\"ro-RO\",\"potentialAction\":[{\"@type\":\"ReadAction\",\"target\":[\"https:\/\/mazarom.ro\/en\/parteneri-2\/sartorius\/\"]}]},{\"@type\":\"ImageObject\",\"inLanguage\":\"ro-RO\",\"@id\":\"https:\/\/mazarom.ro\/en\/parteneri-2\/sartorius\/#primaryimage\",\"url\":\"https:\/\/mazarom.ro\/wp-content\/uploads\/2024\/10\/separator1.webp?_t=1745420140\",\"contentUrl\":\"https:\/\/mazarom.ro\/wp-content\/uploads\/2024\/10\/separator1.webp?_t=1745420140\"},{\"@type\":\"BreadcrumbList\",\"@id\":\"https:\/\/mazarom.ro\/en\/parteneri-2\/sartorius\/#breadcrumb\",\"itemListElement\":[{\"@type\":\"ListItem\",\"position\":1,\"name\":\"ACAS\u0102\",\"item\":\"https:\/\/mazarom.ro\/\"},{\"@type\":\"ListItem\",\"position\":2,\"name\":\"PARTENERI\",\"item\":\"https:\/\/mazarom.ro\/en\/parteneri-2\/\"},{\"@type\":\"ListItem\",\"position\":3,\"name\":\"Sartorius\"}]},{\"@type\":\"WebSite\",\"@id\":\"https:\/\/mazarom.ro\/ro\/#website\",\"url\":\"https:\/\/mazarom.ro\/ro\/\",\"name\":\"MAZAROM\",\"description\":\"\",\"publisher\":{\"@id\":\"https:\/\/mazarom.ro\/ro\/#organization\"},\"potentialAction\":[{\"@type\":\"SearchAction\",\"target\":{\"@type\":\"EntryPoint\",\"urlTemplate\":\"https:\/\/mazarom.ro\/ro\/?s={search_term_string}\"},\"query-input\":{\"@type\":\"PropertyValueSpecification\",\"valueRequired\":true,\"valueName\":\"search_term_string\"}}],\"inLanguage\":\"ro-RO\"},{\"@type\":\"Organization\",\"@id\":\"https:\/\/mazarom.ro\/ro\/#organization\",\"name\":\"MAZAROM\",\"url\":\"https:\/\/mazarom.ro\/ro\/\",\"logo\":{\"@type\":\"ImageObject\",\"inLanguage\":\"ro-RO\",\"@id\":\"https:\/\/mazarom.ro\/ro\/#\/schema\/logo\/image\/\",\"url\":\"https:\/\/mazarom.ro\/wp-content\/uploads\/2024\/09\/logo.webp\",\"contentUrl\":\"https:\/\/mazarom.ro\/wp-content\/uploads\/2024\/09\/logo.webp\",\"width\":1024,\"height\":137,\"caption\":\"MAZAROM\"},\"image\":{\"@id\":\"https:\/\/mazarom.ro\/ro\/#\/schema\/logo\/image\/\"}}]}<\/script>\n<!-- \/ Yoast SEO plugin. -->","yoast_head_json":{"title":"MAZAROM","description":"MAZAROM IMPEX SRL - Servicii \u00een domeniul ma\u0219inilor unelte CNC. Reprezentant Yamazaki Mazak. Alegere de ma\u0219ini, studii de timp, instalare,instruire, service.","robots":{"index":"index","follow":"follow","max-snippet":"max-snippet:-1","max-image-preview":"max-image-preview:large","max-video-preview":"max-video-preview:-1"},"canonical":"https:\/\/mazarom.ro\/ro\/parteneri-2\/sartorius\/","og_locale":"ro_RO","og_type":"article","og_title":"MAZAROM","og_description":"MAZAROM IMPEX SRL - Servicii \u00een domeniul ma\u0219inilor unelte CNC. Reprezentant Yamazaki Mazak. Alegere de ma\u0219ini, studii de timp, instalare,instruire, service.","og_url":"https:\/\/mazarom.ro\/ro\/parteneri-2\/sartorius\/","og_site_name":"MAZAROM","article_modified_time":"2025-05-09T10:51:00+00:00","og_image":[{"url":"https:\/\/mazarom.ro\/wp-content\/uploads\/2024\/10\/separator1.webp?_t=1745420140","type":"","width":"","height":""}],"twitter_card":"summary_large_image","twitter_misc":{"Timp estimat pentru citire":"2 minute"},"schema":{"@context":"https:\/\/schema.org","@graph":[{"@type":"WebPage","@id":"https:\/\/mazarom.ro\/en\/parteneri-2\/sartorius\/","url":"https:\/\/mazarom.ro\/en\/parteneri-2\/sartorius\/","name":"MAZAROM","isPartOf":{"@id":"https:\/\/mazarom.ro\/ro\/#website"},"primaryImageOfPage":{"@id":"https:\/\/mazarom.ro\/en\/parteneri-2\/sartorius\/#primaryimage"},"image":{"@id":"https:\/\/mazarom.ro\/en\/parteneri-2\/sartorius\/#primaryimage"},"thumbnailUrl":"https:\/\/mazarom.ro\/wp-content\/uploads\/2024\/10\/separator1.webp?_t=1745420140","datePublished":"2024-09-29T18:05:30+00:00","dateModified":"2025-05-09T10:51:00+00:00","description":"MAZAROM IMPEX SRL - Servicii \u00een domeniul ma\u0219inilor unelte CNC. Reprezentant Yamazaki Mazak. Alegere de ma\u0219ini, studii de timp, instalare,instruire, service.","breadcrumb":{"@id":"https:\/\/mazarom.ro\/en\/parteneri-2\/sartorius\/#breadcrumb"},"inLanguage":"ro-RO","potentialAction":[{"@type":"ReadAction","target":["https:\/\/mazarom.ro\/en\/parteneri-2\/sartorius\/"]}]},{"@type":"ImageObject","inLanguage":"ro-RO","@id":"https:\/\/mazarom.ro\/en\/parteneri-2\/sartorius\/#primaryimage","url":"https:\/\/mazarom.ro\/wp-content\/uploads\/2024\/10\/separator1.webp?_t=1745420140","contentUrl":"https:\/\/mazarom.ro\/wp-content\/uploads\/2024\/10\/separator1.webp?_t=1745420140"},{"@type":"BreadcrumbList","@id":"https:\/\/mazarom.ro\/en\/parteneri-2\/sartorius\/#breadcrumb","itemListElement":[{"@type":"ListItem","position":1,"name":"ACAS\u0102","item":"https:\/\/mazarom.ro\/"},{"@type":"ListItem","position":2,"name":"PARTENERI","item":"https:\/\/mazarom.ro\/en\/parteneri-2\/"},{"@type":"ListItem","position":3,"name":"Sartorius"}]},{"@type":"WebSite","@id":"https:\/\/mazarom.ro\/ro\/#website","url":"https:\/\/mazarom.ro\/ro\/","name":"MAZAROM","description":"","publisher":{"@id":"https:\/\/mazarom.ro\/ro\/#organization"},"potentialAction":[{"@type":"SearchAction","target":{"@type":"EntryPoint","urlTemplate":"https:\/\/mazarom.ro\/ro\/?s={search_term_string}"},"query-input":{"@type":"PropertyValueSpecification","valueRequired":true,"valueName":"search_term_string"}}],"inLanguage":"ro-RO"},{"@type":"Organization","@id":"https:\/\/mazarom.ro\/ro\/#organization","name":"MAZAROM","url":"https:\/\/mazarom.ro\/ro\/","logo":{"@type":"ImageObject","inLanguage":"ro-RO","@id":"https:\/\/mazarom.ro\/ro\/#\/schema\/logo\/image\/","url":"https:\/\/mazarom.ro\/wp-content\/uploads\/2024\/09\/logo.webp","contentUrl":"https:\/\/mazarom.ro\/wp-content\/uploads\/2024\/09\/logo.webp","width":1024,"height":137,"caption":"MAZAROM"},"image":{"@id":"https:\/\/mazarom.ro\/ro\/#\/schema\/logo\/image\/"}}]}},"_links":{"self":[{"href":"https:\/\/mazarom.ro\/ro\/wp-json\/wp\/v2\/pages\/2283","targetHints":{"allow":["GET"]}}],"collection":[{"href":"https:\/\/mazarom.ro\/ro\/wp-json\/wp\/v2\/pages"}],"about":[{"href":"https:\/\/mazarom.ro\/ro\/wp-json\/wp\/v2\/types\/page"}],"author":[{"embeddable":true,"href":"https:\/\/mazarom.ro\/ro\/wp-json\/wp\/v2\/users\/3"}],"replies":[{"embeddable":true,"href":"https:\/\/mazarom.ro\/ro\/wp-json\/wp\/v2\/comments?post=2283"}],"version-history":[{"count":68,"href":"https:\/\/mazarom.ro\/ro\/wp-json\/wp\/v2\/pages\/2283\/revisions"}],"predecessor-version":[{"id":9077,"href":"https:\/\/mazarom.ro\/ro\/wp-json\/wp\/v2\/pages\/2283\/revisions\/9077"}],"up":[{"embeddable":true,"href":"https:\/\/mazarom.ro\/ro\/wp-json\/wp\/v2\/pages\/9405"}],"wp:attachment":[{"href":"https:\/\/mazarom.ro\/ro\/wp-json\/wp\/v2\/media?parent=2283"}],"curies":[{"name":"wp","href":"https:\/\/api.w.org\/{rel}","templated":true}]}}